{"id":12210,"date":"2018-12-20T10:16:16","date_gmt":"2018-12-20T10:16:16","guid":{"rendered":"https:\/\/www.e2.law\/?page_id=12210"},"modified":"2019-05-26T20:31:12","modified_gmt":"2019-05-26T20:31:12","slug":"conseil","status":"publish","type":"page","link":"https:\/\/www.e2.law\/en\/conseil\/","title":{"rendered":"CONSEIL"},"content":{"rendered":"<div class=\"fusion-fullwidth fullwidth-box fusion-builder-row-1 nonhundred-percent-fullwidth non-hundred-percent-height-scrolling\" style=\"--awb-border-radius-top-left:0px;--awb-border-radius-top-right:0px;--awb-border-radius-bottom-right:0px;--awb-border-radius-bottom-left:0px;--awb-flex-wrap:wrap;\" ><div class=\"fusion-builder-row fusion-row\"><div class=\"fusion-layout-column fusion_builder_column fusion-builder-column-0 fusion_builder_column_1_1 1_1 fusion-one-full fusion-column-first fusion-column-last\" style=\"--awb-padding-top:20px;--awb-padding-right:20px;--awb-padding-bottom:20px;--awb-padding-left:20px;--awb-bg-size:cover;\"><div class=\"fusion-column-wrapper fusion-flex-column-wrapper-legacy\"><div class=\"fusion-image-element fusion-image-align-center in-legacy-container\" style=\"text-align:center;--awb-max-width:100%;--awb-caption-title-font-family:var(--h2_typography-font-family);--awb-caption-title-font-weight:var(--h2_typography-font-weight);--awb-caption-title-font-style:var(--h2_typography-font-style);--awb-caption-title-size:var(--h2_typography-font-size);--awb-caption-title-transform:var(--h2_typography-text-transform);--awb-caption-title-line-height:var(--h2_typography-line-height);--awb-caption-title-letter-spacing:var(--h2_typography-letter-spacing);\"><div class=\"imageframe-align-center\"><span class=\" fusion-imageframe imageframe-none imageframe-1 hover-type-none\"><img decoding=\"async\" width=\"1349\" height=\"464\" title=\"Screenshot_22\" src=\"https:\/\/i0.wp.com\/www.e2.law\/wp-content\/uploads\/2018\/12\/Screenshot_22.jpg?fit=1349%2C464&ssl=1\" data-orig-src=\"https:\/\/www.e2.law\/wp-content\/uploads\/2018\/12\/Screenshot_22.jpg\" alt class=\"lazyload img-responsive wp-image-12211\" srcset=\"data:image\/svg+xml,%3Csvg%20xmlns%3D%27http%3A%2F%2Fwww.w3.org%2F2000%2Fsvg%27%20width%3D%271349%27%20height%3D%27464%27%20viewBox%3D%270%200%201349%20464%27%3E%3Crect%20width%3D%271349%27%20height%3D%27464%27%20fill-opacity%3D%220%22%2F%3E%3C%2Fsvg%3E\" data-srcset=\"https:\/\/i0.wp.com\/www.e2.law\/wp-content\/uploads\/2018\/12\/Screenshot_22.jpg?resize=200%2C69&amp;ssl=1 200w, https:\/\/i0.wp.com\/www.e2.law\/wp-content\/uploads\/2018\/12\/Screenshot_22.jpg?resize=300%2C103&amp;ssl=1 300w, https:\/\/i0.wp.com\/www.e2.law\/wp-content\/uploads\/2018\/12\/Screenshot_22.jpg?resize=400%2C138&amp;ssl=1 400w, https:\/\/i0.wp.com\/www.e2.law\/wp-content\/uploads\/2018\/12\/Screenshot_22.jpg?resize=500%2C172&amp;ssl=1 500w, https:\/\/i0.wp.com\/www.e2.law\/wp-content\/uploads\/2018\/12\/Screenshot_22.jpg?resize=600%2C206&amp;ssl=1 600w, https:\/\/i0.wp.com\/www.e2.law\/wp-content\/uploads\/2018\/12\/Screenshot_22.jpg?resize=700%2C241&amp;ssl=1 700w, https:\/\/i0.wp.com\/www.e2.law\/wp-content\/uploads\/2018\/12\/Screenshot_22.jpg?resize=768%2C264&amp;ssl=1 768w, https:\/\/i0.wp.com\/www.e2.law\/wp-content\/uploads\/2018\/12\/Screenshot_22.jpg?resize=800%2C275&amp;ssl=1 800w, https:\/\/i0.wp.com\/www.e2.law\/wp-content\/uploads\/2018\/12\/Screenshot_22.jpg?resize=1024%2C352&amp;ssl=1 1024w, https:\/\/i0.wp.com\/www.e2.law\/wp-content\/uploads\/2018\/12\/Screenshot_22.jpg?resize=1200%2C413&amp;ssl=1 1200w, https:\/\/i0.wp.com\/www.e2.law\/wp-content\/uploads\/2018\/12\/Screenshot_22.jpg?w=1349&amp;ssl=1 1349w\" data-sizes=\"auto\" data-orig-sizes=\"(max-width: 800px) 100vw, 1200px\" \/><\/span><\/div><\/div><div class=\"fusion-text fusion-text-1\"><div class=\"modal-body fusion-clearfix\">\n<p id=\"u235807-2\">La valeur d&#8217;une entreprise et sa capacit\u00e9 \u00e0 perdurer d\u00e9pendent grandement de la qualit\u00e9 de ses contrats.<\/p>\n<p id=\"u235807-5\">A fortiori, l&#8217;identit\u00e9 r\u00e9elle d&#8217;une entreprise d\u00e9pend m\u00eame, pour ainsi dire, en grande partie de la somme de ses contrats, car ceux-ci renferment une partie toute \u00e0 fait substantielle de ses droits et obligations.<\/p>\n<p id=\"u235388-3\">L&#8217;int\u00e9r\u00eat supr\u00eame d&#8217;une entreprise commande donc \u00e0 chacune d&#8217;entre elle de ma\u00eetriser les risques et enjeux juridiques de son propre arsenal contractuel.\u00a0 Cela commence d\u00e8s sa cr\u00e9ation, par la mise sur pied d&#8217;une documentation contractuelle adapt\u00e9e, qui tienne compte des contraintes l\u00e9gales et mat\u00e9rielles.\u00a0\u00a0 Il reste ensuite capital de s&#8217;assurer que tous ces contrats y soient et restent adapt\u00e9s et susceptibles d&#8217;ex\u00e9cution forc\u00e9e en cas d&#8217;inex\u00e9cution spontan\u00e9e par le cocontractant.<\/p>\n<p id=\"u235388-6\">A titre d&#8217;exemple, il arrive qu&#8217;un contrat ne r\u00e9fl\u00e8te pas fid\u00e8lement ce que les parties ont convenu ou que la volont\u00e9 des parties soit susceptible de plusieurs interpr\u00e9tations divergeantes.\u00a0 Quelle qu&#8217;en soit la raison (le contrat peut avoir \u00e9t\u00e9 r\u00e9dig\u00e9 &#8220;sur le coin d&#8217;une table de cuisine&#8221;, ou les circonstances initiales peuvent avoir chang\u00e9), l&#8217;entreprise qui le constate aura souvent un int\u00e9r\u00eat particulier \u00e0 rectifier cela (par exemple, parce que les d\u00e9cideurs d&#8217;un partenaire commercial sont amen\u00e9s \u00e0 changer, par suite d&#8217;un transfert d&#8217;entreprise ou d&#8217;une succession).<\/p>\n<p id=\"u235388-9\">Dans certains cas, la conclusion par une entreprise de contrats requiert au pr\u00e9alable que l&#8217;entreprise se soit \u00e9galement assur\u00e9e de la &#8220;sant\u00e9 contractuelle&#8221; de ses co-contractants.<\/p>\n<ul id=\"u235388-14\" class=\"list0 nls-None\">\n<li id=\"u235388-11\">Ainsi, par exemple, en vue de la conclusion d&#8217;un contrat de sous-distribution commerciale, le sous-distributeur est l\u00e9gitimement en droit de demander au distributeur principal l&#8217;assurance de l&#8217;existence du contrat de distribution.<\/li>\n<li id=\"u235388-13\">Par ailleurs, dans le cas du rachat de titres de soci\u00e9t\u00e9, l&#8217;acheteur doit \u00e9valuer la qualit\u00e9 des contrats dont dispose cette soci\u00e9t\u00e9 (et le cas \u00e9ch\u00e9ant des contrats des partenaires de celle-ci) et les risques qui y sont li\u00e9s.<\/li>\n<\/ul>\n<p id=\"u235388-17\">Le conseil juridique joue un r\u00f4le crucial car il aide les d\u00e9cideurs d&#8217;une entreprise \u00e0 ma\u00eetriser le sens et la port\u00e9e des contrats, \u00e0 d\u00e9pister et \u00e9valuer les risques, et \u00e0 identifier les mesure ad\u00e9quates.<\/p>\n<p id=\"u235388-20\">A l&#8217;\u00e9poque o\u00f9 nous vivons, une relation de conseil peut prendre des formes vari\u00e9es et innovantes afin de s&#8217;adapter au mieux \u00e0 chaque entreprise, quant \u00e0 son d\u00e9livrable (conseil orale, \u00e9crit, visuel,&#8230;), sa fr\u00e9quence (ponctuel, r\u00e9gulier, r\u00e9unions h\u00e9bdomaire fixes), son objectif (high level, d\u00e9taill\u00e9, pr\u00e9sence de r\u00e9f\u00e9rences juridiques), son public-cible (d\u00e9partement juridique, board, \u00e9quipe commerciale), le d\u00e9lai d&#8217;intervention et autres param\u00e8tres (veille juridique, coaching,&#8230;) pouvant \u00eatre pr\u00e9cis\u00e9s au besoin.<\/p>\n<\/div>\n<\/div><div class=\"fusion-sep-clear\"><\/div><div class=\"fusion-separator fusion-full-width-sep\" style=\"margin-left: auto;margin-right: auto;margin-top:20px;width:100%;\"><\/div><div class=\"fusion-sep-clear\"><\/div><div class=\"fusion-alignright\"><a class=\"fusion-button button-flat fusion-button-default-size button-default fusion-button-default button-1 fusion-button-default-span fusion-button-default-type\" target=\"_self\" href=\"https:\/\/www.e2.law\/services\/\"><span class=\"fusion-button-text awb-button__text awb-button__text--default\">Back to Services<\/span><\/a><\/div><div class=\"fusion-clearfix\"><\/div><\/div><\/div><\/div><\/div>\n","protected":false},"excerpt":{"rendered":"","protected":false},"author":166,"featured_media":0,"parent":0,"menu_order":0,"comment_status":"closed","ping_status":"closed","template":"","meta":{"_acf_changed":false,"footnotes":""},"class_list":["post-12210","page","type-page","status-publish","hentry"],"acf":[],"yoast_head":"<!-- This site is optimized with the Yoast SEO plugin v27.4 - https:\/\/yoast.com\/product\/yoast-seo-wordpress\/ -->\n<title>CONSEIL - e2.law<\/title>\n<meta name=\"robots\" content=\"index, follow, max-snippet:-1, max-image-preview:large, max-video-preview:-1\" \/>\n<link rel=\"canonical\" href=\"https:\/\/www.e2.law\/en\/conseil\/\" \/>\n<meta property=\"og:locale\" content=\"en_US\" \/>\n<meta property=\"og:type\" content=\"article\" \/>\n<meta property=\"og:title\" content=\"CONSEIL - e2.law\" \/>\n<meta property=\"og:url\" content=\"https:\/\/www.e2.law\/en\/conseil\/\" \/>\n<meta property=\"og:site_name\" content=\"e2.law\" \/>\n<meta property=\"article:modified_time\" content=\"2019-05-26T20:31:12+00:00\" \/>\n<meta name=\"twitter:card\" content=\"summary_large_image\" \/>\n<meta name=\"twitter:label1\" content=\"Est. reading time\" \/>\n\t<meta name=\"twitter:data1\" content=\"4 minutes\" \/>\n<script type=\"application\/ld+json\" class=\"yoast-schema-graph\">{\"@context\":\"https:\\\/\\\/schema.org\",\"@graph\":[{\"@type\":\"WebPage\",\"@id\":\"https:\\\/\\\/www.e2.law\\\/en\\\/conseil\\\/\",\"url\":\"https:\\\/\\\/www.e2.law\\\/en\\\/conseil\\\/\",\"name\":\"CONSEIL - e2.law\",\"isPartOf\":{\"@id\":\"https:\\\/\\\/www.e2.law\\\/fr\\\/#website\"},\"datePublished\":\"2018-12-20T10:16:16+00:00\",\"dateModified\":\"2019-05-26T20:31:12+00:00\",\"breadcrumb\":{\"@id\":\"https:\\\/\\\/www.e2.law\\\/en\\\/conseil\\\/#breadcrumb\"},\"inLanguage\":\"en-US\",\"potentialAction\":[{\"@type\":\"ReadAction\",\"target\":[\"https:\\\/\\\/www.e2.law\\\/en\\\/conseil\\\/\"]}]},{\"@type\":\"BreadcrumbList\",\"@id\":\"https:\\\/\\\/www.e2.law\\\/en\\\/conseil\\\/#breadcrumb\",\"itemListElement\":[{\"@type\":\"ListItem\",\"position\":1,\"name\":\"Home\",\"item\":\"https:\\\/\\\/www.e2.law\\\/en\\\/\"},{\"@type\":\"ListItem\",\"position\":2,\"name\":\"CONSEIL\"}]},{\"@type\":\"WebSite\",\"@id\":\"https:\\\/\\\/www.e2.law\\\/fr\\\/#website\",\"url\":\"https:\\\/\\\/www.e2.law\\\/fr\\\/\",\"name\":\"e2.law\",\"description\":\"A Business Law Firm\",\"publisher\":{\"@id\":\"https:\\\/\\\/www.e2.law\\\/fr\\\/#organization\"},\"potentialAction\":[{\"@type\":\"SearchAction\",\"target\":{\"@type\":\"EntryPoint\",\"urlTemplate\":\"https:\\\/\\\/www.e2.law\\\/fr\\\/?s={search_term_string}\"},\"query-input\":{\"@type\":\"PropertyValueSpecification\",\"valueRequired\":true,\"valueName\":\"search_term_string\"}}],\"inLanguage\":\"en-US\"},{\"@type\":\"Organization\",\"@id\":\"https:\\\/\\\/www.e2.law\\\/fr\\\/#organization\",\"name\":\"E2.law\",\"url\":\"https:\\\/\\\/www.e2.law\\\/fr\\\/\",\"logo\":{\"@type\":\"ImageObject\",\"inLanguage\":\"en-US\",\"@id\":\"https:\\\/\\\/www.e2.law\\\/fr\\\/#\\\/schema\\\/logo\\\/image\\\/\",\"url\":\"https:\\\/\\\/www.e2.law\\\/wp-content\\\/uploads\\\/2018\\\/12\\\/logo-2.png\",\"contentUrl\":\"https:\\\/\\\/www.e2.law\\\/wp-content\\\/uploads\\\/2018\\\/12\\\/logo-2.png\",\"width\":152,\"height\":40,\"caption\":\"E2.law\"},\"image\":{\"@id\":\"https:\\\/\\\/www.e2.law\\\/fr\\\/#\\\/schema\\\/logo\\\/image\\\/\"},\"sameAs\":[\"https:\\\/\\\/www.linkedin.com\\\/company\\\/e2.law\"]}]}<\/script>\n<!-- \/ Yoast SEO plugin. -->","yoast_head_json":{"title":"CONSEIL - e2.law","robots":{"index":"index","follow":"follow","max-snippet":"max-snippet:-1","max-image-preview":"max-image-preview:large","max-video-preview":"max-video-preview:-1"},"canonical":"https:\/\/www.e2.law\/en\/conseil\/","og_locale":"en_US","og_type":"article","og_title":"CONSEIL - e2.law","og_url":"https:\/\/www.e2.law\/en\/conseil\/","og_site_name":"e2.law","article_modified_time":"2019-05-26T20:31:12+00:00","twitter_card":"summary_large_image","twitter_misc":{"Est. reading time":"4 minutes"},"schema":{"@context":"https:\/\/schema.org","@graph":[{"@type":"WebPage","@id":"https:\/\/www.e2.law\/en\/conseil\/","url":"https:\/\/www.e2.law\/en\/conseil\/","name":"CONSEIL - e2.law","isPartOf":{"@id":"https:\/\/www.e2.law\/fr\/#website"},"datePublished":"2018-12-20T10:16:16+00:00","dateModified":"2019-05-26T20:31:12+00:00","breadcrumb":{"@id":"https:\/\/www.e2.law\/en\/conseil\/#breadcrumb"},"inLanguage":"en-US","potentialAction":[{"@type":"ReadAction","target":["https:\/\/www.e2.law\/en\/conseil\/"]}]},{"@type":"BreadcrumbList","@id":"https:\/\/www.e2.law\/en\/conseil\/#breadcrumb","itemListElement":[{"@type":"ListItem","position":1,"name":"Home","item":"https:\/\/www.e2.law\/en\/"},{"@type":"ListItem","position":2,"name":"CONSEIL"}]},{"@type":"WebSite","@id":"https:\/\/www.e2.law\/fr\/#website","url":"https:\/\/www.e2.law\/fr\/","name":"e2.law","description":"A Business Law Firm","publisher":{"@id":"https:\/\/www.e2.law\/fr\/#organization"},"potentialAction":[{"@type":"SearchAction","target":{"@type":"EntryPoint","urlTemplate":"https:\/\/www.e2.law\/fr\/?s={search_term_string}"},"query-input":{"@type":"PropertyValueSpecification","valueRequired":true,"valueName":"search_term_string"}}],"inLanguage":"en-US"},{"@type":"Organization","@id":"https:\/\/www.e2.law\/fr\/#organization","name":"E2.law","url":"https:\/\/www.e2.law\/fr\/","logo":{"@type":"ImageObject","inLanguage":"en-US","@id":"https:\/\/www.e2.law\/fr\/#\/schema\/logo\/image\/","url":"https:\/\/www.e2.law\/wp-content\/uploads\/2018\/12\/logo-2.png","contentUrl":"https:\/\/www.e2.law\/wp-content\/uploads\/2018\/12\/logo-2.png","width":152,"height":40,"caption":"E2.law"},"image":{"@id":"https:\/\/www.e2.law\/fr\/#\/schema\/logo\/image\/"},"sameAs":["https:\/\/www.linkedin.com\/company\/e2.law"]}]}},"jetpack_sharing_enabled":true,"_links":{"self":[{"href":"https:\/\/www.e2.law\/en\/wp-json\/wp\/v2\/pages\/12210","targetHints":{"allow":["GET"]}}],"collection":[{"href":"https:\/\/www.e2.law\/en\/wp-json\/wp\/v2\/pages"}],"about":[{"href":"https:\/\/www.e2.law\/en\/wp-json\/wp\/v2\/types\/page"}],"author":[{"embeddable":true,"href":"https:\/\/www.e2.law\/en\/wp-json\/wp\/v2\/users\/166"}],"replies":[{"embeddable":true,"href":"https:\/\/www.e2.law\/en\/wp-json\/wp\/v2\/comments?post=12210"}],"version-history":[{"count":0,"href":"https:\/\/www.e2.law\/en\/wp-json\/wp\/v2\/pages\/12210\/revisions"}],"wp:attachment":[{"href":"https:\/\/www.e2.law\/en\/wp-json\/wp\/v2\/media?parent=12210"}],"curies":[{"name":"wp","href":"https:\/\/api.w.org\/{rel}","templated":true}]}}