{"id":12215,"date":"2018-12-20T10:25:37","date_gmt":"2018-12-20T10:25:37","guid":{"rendered":"https:\/\/www.e2.law\/?page_id=12215"},"modified":"2018-12-20T10:29:19","modified_gmt":"2018-12-20T10:29:19","slug":"redaction-de-contrats","status":"publish","type":"page","link":"https:\/\/www.e2.law\/en\/fundamentals\/redaction-de-contrats\/","title":{"rendered":"REDACTION DE CONTRATS"},"content":{"rendered":"<div class=\"fusion-fullwidth fullwidth-box fusion-builder-row-1 nonhundred-percent-fullwidth non-hundred-percent-height-scrolling\" style=\"--awb-border-radius-top-left:0px;--awb-border-radius-top-right:0px;--awb-border-radius-bottom-right:0px;--awb-border-radius-bottom-left:0px;--awb-flex-wrap:wrap;\" ><div class=\"fusion-builder-row fusion-row\"><div class=\"fusion-layout-column fusion_builder_column fusion-builder-column-0 fusion_builder_column_1_1 1_1 fusion-one-full fusion-column-first fusion-column-last\" style=\"--awb-padding-top:20px;--awb-padding-right:20px;--awb-padding-bottom:20px;--awb-padding-left:20px;--awb-bg-size:cover;\"><div class=\"fusion-column-wrapper fusion-flex-column-wrapper-legacy\"><div class=\"fusion-alignright\"><a class=\"fusion-button button-flat fusion-button-default-size button-default fusion-button-default button-1 fusion-button-default-span fusion-button-default-type\" target=\"_self\" href=\"https:\/\/www.e2.law\/services\/\"><span class=\"fusion-button-text awb-button__text awb-button__text--default\">Back to Services<\/span><\/a><\/div><div class=\"fusion-sep-clear\"><\/div><div class=\"fusion-separator fusion-full-width-sep\" style=\"margin-left: auto;margin-right: auto;margin-top:20px;width:100%;\"><\/div><div class=\"fusion-sep-clear\"><\/div><div class=\"fusion-image-element fusion-image-align-center in-legacy-container\" style=\"text-align:center;--awb-max-width:100%;--awb-caption-title-font-family:var(--h2_typography-font-family);--awb-caption-title-font-weight:var(--h2_typography-font-weight);--awb-caption-title-font-style:var(--h2_typography-font-style);--awb-caption-title-size:var(--h2_typography-font-size);--awb-caption-title-transform:var(--h2_typography-text-transform);--awb-caption-title-line-height:var(--h2_typography-line-height);--awb-caption-title-letter-spacing:var(--h2_typography-letter-spacing);\"><div class=\"imageframe-align-center\"><span class=\" fusion-imageframe imageframe-none imageframe-1 hover-type-none\"><img decoding=\"async\" width=\"1347\" height=\"471\" title=\"Screenshot_23\" src=\"https:\/\/i0.wp.com\/www.e2.law\/wp-content\/uploads\/2018\/12\/Screenshot_23.jpg?fit=1347%2C471&ssl=1\" data-orig-src=\"https:\/\/www.e2.law\/wp-content\/uploads\/2018\/12\/Screenshot_23.jpg\" alt class=\"lazyload img-responsive wp-image-12218\" srcset=\"data:image\/svg+xml,%3Csvg%20xmlns%3D%27http%3A%2F%2Fwww.w3.org%2F2000%2Fsvg%27%20width%3D%271347%27%20height%3D%27471%27%20viewBox%3D%270%200%201347%20471%27%3E%3Crect%20width%3D%271347%27%20height%3D%27471%27%20fill-opacity%3D%220%22%2F%3E%3C%2Fsvg%3E\" data-srcset=\"https:\/\/i0.wp.com\/www.e2.law\/wp-content\/uploads\/2018\/12\/Screenshot_23.jpg?resize=200%2C70&amp;ssl=1 200w, https:\/\/i0.wp.com\/www.e2.law\/wp-content\/uploads\/2018\/12\/Screenshot_23.jpg?resize=300%2C105&amp;ssl=1 300w, https:\/\/i0.wp.com\/www.e2.law\/wp-content\/uploads\/2018\/12\/Screenshot_23.jpg?resize=400%2C140&amp;ssl=1 400w, https:\/\/i0.wp.com\/www.e2.law\/wp-content\/uploads\/2018\/12\/Screenshot_23.jpg?resize=500%2C175&amp;ssl=1 500w, https:\/\/i0.wp.com\/www.e2.law\/wp-content\/uploads\/2018\/12\/Screenshot_23.jpg?resize=600%2C210&amp;ssl=1 600w, https:\/\/i0.wp.com\/www.e2.law\/wp-content\/uploads\/2018\/12\/Screenshot_23.jpg?resize=700%2C245&amp;ssl=1 700w, https:\/\/i0.wp.com\/www.e2.law\/wp-content\/uploads\/2018\/12\/Screenshot_23.jpg?resize=768%2C269&amp;ssl=1 768w, https:\/\/i0.wp.com\/www.e2.law\/wp-content\/uploads\/2018\/12\/Screenshot_23.jpg?resize=800%2C280&amp;ssl=1 800w, https:\/\/i0.wp.com\/www.e2.law\/wp-content\/uploads\/2018\/12\/Screenshot_23.jpg?resize=1024%2C358&amp;ssl=1 1024w, https:\/\/i0.wp.com\/www.e2.law\/wp-content\/uploads\/2018\/12\/Screenshot_23.jpg?resize=1200%2C420&amp;ssl=1 1200w, https:\/\/i0.wp.com\/www.e2.law\/wp-content\/uploads\/2018\/12\/Screenshot_23.jpg?w=1347&amp;ssl=1 1347w\" data-sizes=\"auto\" data-orig-sizes=\"(max-width: 800px) 100vw, 1200px\" \/><\/span><\/div><\/div><div class=\"fusion-text fusion-text-1\"><div class=\"modal-body fusion-clearfix\">\n<p id=\"u193058-3\">La &#8220;r\u00e9daction&#8221; vise l&#8217;assistance dans l&#8217;\u00e9laboration et l&#8217;amendement de tout document de l&#8217;entreprise, qu&#8217;il s&#8217;agisse de contrats, de codes de conduite, de statuts de soci\u00e9t\u00e9s ou encore de documents de proc\u00e9dure.<\/p>\n<p id=\"u193058-6\">R\u00e9diger efficacement requiert la conjonction de trois pr\u00e9requis :<\/p>\n<ol id=\"u193058-13\" class=\"list0 nls-None\">\n<li id=\"u193058-8\">une compr\u00e9hension de la nature et de la complexit\u00e9 de la transaction envisag\u00e9e ;<\/li>\n<li id=\"u193058-10\">une comp\u00e9tence sp\u00e9cifique, \u00e0 la limite entre la ma\u00eetrise de la langue de travail, le bon sens et la connaissance du droit (tenant compte du secteur d&#8217;activit\u00e9) et de l&#8217;environnement contractuel de l&#8217;entreprise.\u00a0\u00a0 Cette comp\u00e9tence doit s&#8217;exercer pour se d\u00e9velopper et se maintenir;<\/li>\n<li id=\"u193058-12\">le temps et la disponible n\u00e9cessaires \u00e0 la r\u00e9daction et la n\u00e9gotiation.<\/li>\n<\/ol>\n<p id=\"u193058-16\">En fonction de leur taille, de la nature des transactions, ou simplement des circonstances, les entreprises manquent l&#8217;un ou l&#8217;autres \u00e9l\u00e9ments de fa\u00e7on temporaire ou permanente.<\/p>\n<p id=\"u193058-19\">Dans tous ces cas, l&#8217;intervention d&#8217;un conseiller juridique externe se justifie.\u00a0 Un cabinet d&#8217;avocat pr\u00e9sente, par rappoprt \u00e0 un conseiller juridique externe, l&#8217;avantage d&#8217;\u00eatre attentif aux risques pratiques d\u00e9coulant des probl\u00e8mes d&#8217;inex\u00e9cution.<\/p>\n<p id=\"u193058-23\">A l&#8217;\u00e9poque o\u00f9 nous vivons, la demande des entreprises varie.\u00a0 De plus en plus d&#8217;entreprises souhaitent prendre une part plus active \u00e0 la r\u00e9daction de leurs contrats.\u00a0 C&#8217;est une circonstance heureuse l\u00e0 o\u00f9 les pr\u00e9r\u00e9quis r\u00e9sum\u00e9s ci-dessus sont r\u00e9unis, car cela apporte au processus d&#8217;\u00e9laboration de contrat la connaissance de l&#8217;entreprise et du secteur.<\/p>\n<p id=\"u193058-27\">Deux \u00e9volutions technologiques renforcent cette tendance : <span id=\"u193058-26\">d&#8217;une part, de nombreux template sont disponibles sur internet.\u00a0 D&#8217;autre part, car une partie du travail de r\u00e9daction de contrat peut \u00e9galement \u00eatre automatis\u00e9e.<\/span><\/p>\n<p id=\"u193058-30\">E\u00b2.law salue le fait que l&#8217;information juridique soit devenue plus disponible, car cela permet aux avocats de se concentrer que les transactions \u00e0 plus haute valeur ajout\u00e9e. Par ailleurs, un implication plus avanc\u00e9e de l&#8217;entreprise est\u00a0 un facteur positif car elle r\u00e9pond \u00e0 la double n\u00e9cessit\u00e9 (i) d&#8217;inclure et d&#8217;int\u00e9rsser les acteurs de terrains \u00e0 l&#8217;\u00e9laboration des contrats ; (ii) limiter les frais juridiques externes aux interventions pr\u00e9sentant une valeur ajout\u00e9e.\u00a0\u00a0 Il y a n\u00e9anmoins un bmol que l&#8217;intervention d&#8217;un cabinet d&#8217;avocats peut facilement r\u00e9sourdre: cette recruscence de documents juridiques sur le web cr\u00e9\u00e9e toutefois un nouveau risque pour les entreprises que les documents choisis soient non adapt\u00e9s, \u00e9tant donn\u00e9 qu&#8217;il n&#8217;existe pas de contrat tout \u00e0 fait standard.<\/p>\n<p id=\"u193058-33\">Souscrivant aux \u00e9volutions du march\u00e9, E\u00b2.law a d\u00e9velopp\u00e9 d\u00e8s lors deux niveaux services sur mesure, correspondant aux deux grands types de situations:<\/p>\n<ul id=\"u193058-41\" class=\"list0 nls-None\">\n<li id=\"u193058-36\">un &#8220;service complet&#8221; pour les cas o\u00f9 les pr\u00e9requis ne sont pas r\u00e9unis, et pour les missions de plus grande envergure, \u00e0 l&#8217;\u00e9chelle de l&#8217;entreprise (typiquement, structuration contractuelle, assistance \u00e0 l&#8217;acquisition d&#8217;une soci\u00e9t\u00e9, d\u00e9finition d&#8217;un premier mod\u00e8le-type)<\/li>\n<li id=\"u193058-40\">un &#8220;service mixte&#8221; ax\u00e9 en partie sur la v\u00e9rification des pr\u00e9requis, le coaching des \u00e9quipes de l&#8217;entreprise et des interventions ponctuelles.\u00a0 Dans ce cadre, nous fournississons sur demande \u00e0 notre clients les templates de contrat que nous recommandons pour une situation donn\u00e9e ou donnons un avis sur le mod\u00e8le de contrat transmis par celle-ci.\u00a0 Les interventions ponctuelles consistent dans la r\u00e9vision des amendements effectu\u00e9es par l&#8217;entreprise, avec des annotations ou corrections directes le cas \u00e9ch\u00e9ant.<\/li>\n<\/ul>\n<\/div>\n<\/div><div class=\"fusion-clearfix\"><\/div><\/div><\/div><\/div><\/div>\n","protected":false},"excerpt":{"rendered":"","protected":false},"author":166,"featured_media":0,"parent":12112,"menu_order":0,"comment_status":"closed","ping_status":"closed","template":"","meta":{"_acf_changed":false,"footnotes":""},"class_list":["post-12215","page","type-page","status-publish","hentry"],"acf":[],"yoast_head":"<!-- This site is optimized with the Yoast SEO plugin v27.5 - https:\/\/yoast.com\/product\/yoast-seo-wordpress\/ -->\n<title>REDACTION DE CONTRATS - e2.law<\/title>\n<meta name=\"robots\" content=\"index, follow, max-snippet:-1, max-image-preview:large, max-video-preview:-1\" \/>\n<link rel=\"canonical\" href=\"https:\/\/www.e2.law\/en\/fundamentals\/redaction-de-contrats\/\" \/>\n<meta property=\"og:locale\" content=\"en_US\" \/>\n<meta property=\"og:type\" content=\"article\" \/>\n<meta property=\"og:title\" content=\"REDACTION DE CONTRATS - e2.law\" \/>\n<meta property=\"og:url\" content=\"https:\/\/www.e2.law\/en\/fundamentals\/redaction-de-contrats\/\" \/>\n<meta property=\"og:site_name\" content=\"e2.law\" \/>\n<meta property=\"article:modified_time\" content=\"2018-12-20T10:29:19+00:00\" \/>\n<meta name=\"twitter:card\" content=\"summary_large_image\" \/>\n<meta name=\"twitter:label1\" content=\"Est. reading time\" \/>\n\t<meta name=\"twitter:data1\" content=\"5 minutes\" \/>\n<script type=\"application\/ld+json\" class=\"yoast-schema-graph\">{\"@context\":\"https:\\\/\\\/schema.org\",\"@graph\":[{\"@type\":\"WebPage\",\"@id\":\"https:\\\/\\\/www.e2.law\\\/en\\\/fundamentals\\\/redaction-de-contrats\\\/\",\"url\":\"https:\\\/\\\/www.e2.law\\\/en\\\/fundamentals\\\/redaction-de-contrats\\\/\",\"name\":\"REDACTION DE CONTRATS - e2.law\",\"isPartOf\":{\"@id\":\"https:\\\/\\\/www.e2.law\\\/fr\\\/#website\"},\"datePublished\":\"2018-12-20T10:25:37+00:00\",\"dateModified\":\"2018-12-20T10:29:19+00:00\",\"breadcrumb\":{\"@id\":\"https:\\\/\\\/www.e2.law\\\/en\\\/fundamentals\\\/redaction-de-contrats\\\/#breadcrumb\"},\"inLanguage\":\"en-US\",\"potentialAction\":[{\"@type\":\"ReadAction\",\"target\":[\"https:\\\/\\\/www.e2.law\\\/en\\\/fundamentals\\\/redaction-de-contrats\\\/\"]}]},{\"@type\":\"BreadcrumbList\",\"@id\":\"https:\\\/\\\/www.e2.law\\\/en\\\/fundamentals\\\/redaction-de-contrats\\\/#breadcrumb\",\"itemListElement\":[{\"@type\":\"ListItem\",\"position\":1,\"name\":\"Home\",\"item\":\"https:\\\/\\\/www.e2.law\\\/en\\\/\"},{\"@type\":\"ListItem\",\"position\":2,\"name\":\"Fundamentals\",\"item\":\"https:\\\/\\\/www.e2.law\\\/en\\\/fundamentals\\\/\"},{\"@type\":\"ListItem\",\"position\":3,\"name\":\"REDACTION DE CONTRATS\"}]},{\"@type\":\"WebSite\",\"@id\":\"https:\\\/\\\/www.e2.law\\\/fr\\\/#website\",\"url\":\"https:\\\/\\\/www.e2.law\\\/fr\\\/\",\"name\":\"e2.law\",\"description\":\"A Business Law Firm\",\"publisher\":{\"@id\":\"https:\\\/\\\/www.e2.law\\\/fr\\\/#organization\"},\"potentialAction\":[{\"@type\":\"SearchAction\",\"target\":{\"@type\":\"EntryPoint\",\"urlTemplate\":\"https:\\\/\\\/www.e2.law\\\/fr\\\/?s={search_term_string}\"},\"query-input\":{\"@type\":\"PropertyValueSpecification\",\"valueRequired\":true,\"valueName\":\"search_term_string\"}}],\"inLanguage\":\"en-US\"},{\"@type\":\"Organization\",\"@id\":\"https:\\\/\\\/www.e2.law\\\/fr\\\/#organization\",\"name\":\"E2.law\",\"url\":\"https:\\\/\\\/www.e2.law\\\/fr\\\/\",\"logo\":{\"@type\":\"ImageObject\",\"inLanguage\":\"en-US\",\"@id\":\"https:\\\/\\\/www.e2.law\\\/fr\\\/#\\\/schema\\\/logo\\\/image\\\/\",\"url\":\"https:\\\/\\\/www.e2.law\\\/wp-content\\\/uploads\\\/2018\\\/12\\\/logo-2.png\",\"contentUrl\":\"https:\\\/\\\/www.e2.law\\\/wp-content\\\/uploads\\\/2018\\\/12\\\/logo-2.png\",\"width\":152,\"height\":40,\"caption\":\"E2.law\"},\"image\":{\"@id\":\"https:\\\/\\\/www.e2.law\\\/fr\\\/#\\\/schema\\\/logo\\\/image\\\/\"},\"sameAs\":[\"https:\\\/\\\/www.linkedin.com\\\/company\\\/e2.law\"]}]}<\/script>\n<!-- \/ Yoast SEO plugin. -->","yoast_head_json":{"title":"REDACTION DE CONTRATS - e2.law","robots":{"index":"index","follow":"follow","max-snippet":"max-snippet:-1","max-image-preview":"max-image-preview:large","max-video-preview":"max-video-preview:-1"},"canonical":"https:\/\/www.e2.law\/en\/fundamentals\/redaction-de-contrats\/","og_locale":"en_US","og_type":"article","og_title":"REDACTION DE CONTRATS - e2.law","og_url":"https:\/\/www.e2.law\/en\/fundamentals\/redaction-de-contrats\/","og_site_name":"e2.law","article_modified_time":"2018-12-20T10:29:19+00:00","twitter_card":"summary_large_image","twitter_misc":{"Est. reading time":"5 minutes"},"schema":{"@context":"https:\/\/schema.org","@graph":[{"@type":"WebPage","@id":"https:\/\/www.e2.law\/en\/fundamentals\/redaction-de-contrats\/","url":"https:\/\/www.e2.law\/en\/fundamentals\/redaction-de-contrats\/","name":"REDACTION DE CONTRATS - e2.law","isPartOf":{"@id":"https:\/\/www.e2.law\/fr\/#website"},"datePublished":"2018-12-20T10:25:37+00:00","dateModified":"2018-12-20T10:29:19+00:00","breadcrumb":{"@id":"https:\/\/www.e2.law\/en\/fundamentals\/redaction-de-contrats\/#breadcrumb"},"inLanguage":"en-US","potentialAction":[{"@type":"ReadAction","target":["https:\/\/www.e2.law\/en\/fundamentals\/redaction-de-contrats\/"]}]},{"@type":"BreadcrumbList","@id":"https:\/\/www.e2.law\/en\/fundamentals\/redaction-de-contrats\/#breadcrumb","itemListElement":[{"@type":"ListItem","position":1,"name":"Home","item":"https:\/\/www.e2.law\/en\/"},{"@type":"ListItem","position":2,"name":"Fundamentals","item":"https:\/\/www.e2.law\/en\/fundamentals\/"},{"@type":"ListItem","position":3,"name":"REDACTION DE CONTRATS"}]},{"@type":"WebSite","@id":"https:\/\/www.e2.law\/fr\/#website","url":"https:\/\/www.e2.law\/fr\/","name":"e2.law","description":"A Business Law Firm","publisher":{"@id":"https:\/\/www.e2.law\/fr\/#organization"},"potentialAction":[{"@type":"SearchAction","target":{"@type":"EntryPoint","urlTemplate":"https:\/\/www.e2.law\/fr\/?s={search_term_string}"},"query-input":{"@type":"PropertyValueSpecification","valueRequired":true,"valueName":"search_term_string"}}],"inLanguage":"en-US"},{"@type":"Organization","@id":"https:\/\/www.e2.law\/fr\/#organization","name":"E2.law","url":"https:\/\/www.e2.law\/fr\/","logo":{"@type":"ImageObject","inLanguage":"en-US","@id":"https:\/\/www.e2.law\/fr\/#\/schema\/logo\/image\/","url":"https:\/\/www.e2.law\/wp-content\/uploads\/2018\/12\/logo-2.png","contentUrl":"https:\/\/www.e2.law\/wp-content\/uploads\/2018\/12\/logo-2.png","width":152,"height":40,"caption":"E2.law"},"image":{"@id":"https:\/\/www.e2.law\/fr\/#\/schema\/logo\/image\/"},"sameAs":["https:\/\/www.linkedin.com\/company\/e2.law"]}]}},"jetpack_sharing_enabled":true,"_links":{"self":[{"href":"https:\/\/www.e2.law\/en\/wp-json\/wp\/v2\/pages\/12215","targetHints":{"allow":["GET"]}}],"collection":[{"href":"https:\/\/www.e2.law\/en\/wp-json\/wp\/v2\/pages"}],"about":[{"href":"https:\/\/www.e2.law\/en\/wp-json\/wp\/v2\/types\/page"}],"author":[{"embeddable":true,"href":"https:\/\/www.e2.law\/en\/wp-json\/wp\/v2\/users\/166"}],"replies":[{"embeddable":true,"href":"https:\/\/www.e2.law\/en\/wp-json\/wp\/v2\/comments?post=12215"}],"version-history":[{"count":0,"href":"https:\/\/www.e2.law\/en\/wp-json\/wp\/v2\/pages\/12215\/revisions"}],"up":[{"embeddable":true,"href":"https:\/\/www.e2.law\/en\/wp-json\/wp\/v2\/pages\/12112"}],"wp:attachment":[{"href":"https:\/\/www.e2.law\/en\/wp-json\/wp\/v2\/media?parent=12215"}],"curies":[{"name":"wp","href":"https:\/\/api.w.org\/{rel}","templated":true}]}}