{"id":14157,"date":"2018-12-11T09:38:37","date_gmt":"2018-12-11T09:38:37","guid":{"rendered":"https:\/\/www.e2.law\/for-profit\/"},"modified":"2020-12-19T23:37:52","modified_gmt":"2020-12-19T21:37:52","slug":"for-profit-2","status":"publish","type":"page","link":"https:\/\/www.e2.law\/en\/for-profit-2\/","title":{"rendered":"For Profit"},"content":{"rendered":"<p><div class=\"fusion-fullwidth fullwidth-box fusion-builder-row-1 nonhundred-percent-fullwidth non-hundred-percent-height-scrolling\" style=\"--awb-border-radius-top-left:0px;--awb-border-radius-top-right:0px;--awb-border-radius-bottom-right:0px;--awb-border-radius-bottom-left:0px;--awb-flex-wrap:wrap;\" ><div class=\"fusion-builder-row fusion-row\"><div class=\"fusion-layout-column fusion_builder_column fusion-builder-column-0 fusion_builder_column_1_1 1_1 fusion-one-full fusion-column-first fusion-column-last\" style=\"--awb-padding-top:20px;--awb-padding-right:20px;--awb-padding-bottom:20px;--awb-padding-left:20px;--awb-bg-size:cover;\"><div class=\"fusion-column-wrapper fusion-flex-column-wrapper-legacy\"><div class=\"fusion-image-element fusion-image-align-center in-legacy-container\" style=\"text-align:center;--awb-max-width:100%;--awb-caption-title-font-family:var(--h2_typography-font-family);--awb-caption-title-font-weight:var(--h2_typography-font-weight);--awb-caption-title-font-style:var(--h2_typography-font-style);--awb-caption-title-size:var(--h2_typography-font-size);--awb-caption-title-transform:var(--h2_typography-text-transform);--awb-caption-title-line-height:var(--h2_typography-line-height);--awb-caption-title-letter-spacing:var(--h2_typography-letter-spacing);\"><div class=\"imageframe-align-center\"><span class=\" fusion-imageframe imageframe-none imageframe-1 hover-type-none\"><img decoding=\"async\" width=\"1297\" height=\"407\" title=\"for-profit\" src=\"https:\/\/i0.wp.com\/www.e2.law\/wp-content\/uploads\/2018\/12\/for-profit.jpg?fit=1297%2C407&ssl=1\" data-orig-src=\"https:\/\/www.e2.law\/wp-content\/uploads\/2018\/12\/for-profit.jpg\" alt class=\"lazyload img-responsive wp-image-12137\" srcset=\"data:image\/svg+xml,%3Csvg%20xmlns%3D%27http%3A%2F%2Fwww.w3.org%2F2000%2Fsvg%27%20width%3D%271297%27%20height%3D%27407%27%20viewBox%3D%270%200%201297%20407%27%3E%3Crect%20width%3D%271297%27%20height%3D%27407%27%20fill-opacity%3D%220%22%2F%3E%3C%2Fsvg%3E\" data-srcset=\"https:\/\/i0.wp.com\/www.e2.law\/wp-content\/uploads\/2018\/12\/for-profit.jpg?resize=200%2C63&amp;ssl=1 200w, https:\/\/i0.wp.com\/www.e2.law\/wp-content\/uploads\/2018\/12\/for-profit.jpg?resize=300%2C94&amp;ssl=1 300w, https:\/\/i0.wp.com\/www.e2.law\/wp-content\/uploads\/2018\/12\/for-profit.jpg?resize=400%2C126&amp;ssl=1 400w, https:\/\/i0.wp.com\/www.e2.law\/wp-content\/uploads\/2018\/12\/for-profit.jpg?resize=500%2C157&amp;ssl=1 500w, https:\/\/i0.wp.com\/www.e2.law\/wp-content\/uploads\/2018\/12\/for-profit.jpg?resize=600%2C188&amp;ssl=1 600w, https:\/\/i0.wp.com\/www.e2.law\/wp-content\/uploads\/2018\/12\/for-profit.jpg?resize=700%2C220&amp;ssl=1 700w, https:\/\/i0.wp.com\/www.e2.law\/wp-content\/uploads\/2018\/12\/for-profit.jpg?resize=768%2C241&amp;ssl=1 768w, https:\/\/i0.wp.com\/www.e2.law\/wp-content\/uploads\/2018\/12\/for-profit.jpg?resize=800%2C251&amp;ssl=1 800w, https:\/\/i0.wp.com\/www.e2.law\/wp-content\/uploads\/2018\/12\/for-profit.jpg?resize=1024%2C321&amp;ssl=1 1024w, https:\/\/i0.wp.com\/www.e2.law\/wp-content\/uploads\/2018\/12\/for-profit.jpg?resize=1200%2C377&amp;ssl=1 1200w, https:\/\/i0.wp.com\/www.e2.law\/wp-content\/uploads\/2018\/12\/for-profit.jpg?w=1297&amp;ssl=1 1297w\" data-sizes=\"auto\" data-orig-sizes=\"(max-width: 800px) 100vw, 1200px\" \/><\/span><\/div><\/div><div class=\"fusion-sep-clear\"><\/div><div class=\"fusion-separator fusion-full-width-sep\" style=\"margin-left: auto;margin-right: auto;margin-top:20px;width:100%;\"><\/div><div class=\"fusion-sep-clear\"><\/div><div class=\"fusion-text fusion-text-1\"><div class=\"modal-body fusion-clearfix\">\n<p id=\"u312793-2\" style=\"text-align: justify;\">En mati\u00e8re commerciale, nous conseillons principalement des soci\u00e9t\u00e9s car les entreprises commerciales exercent de nos jours le plus souvent leurs activit\u00e9s en soci\u00e9t\u00e9.<\/p>\n<p id=\"u312793-6\" style=\"text-align: justify;\">D\u00e8s lors que deux personnes affectent un patrimoine \u00e0 la r\u00e9alisation d\u2019une entreprise commune, en vue de r\u00e9aliser et partager des b\u00e9n\u00e9fices (ou de profiter des \u00e9conomies qui en r\u00e9sultent), on est en pr\u00e9sence d\u2019une soci\u00e9t\u00e9. Dans la mesure o\u00f9 le d\u00e9veloppement d\u2019une activit\u00e9 \u00e9conomique requiert tr\u00e8s souvent, d\u2019une part, un patrimoine de d\u00e9part, et, d\u2019autre part, que plusieurs personnes s\u2019y associent, il est en effet normal de voir les soci\u00e9t\u00e9s se multiplier.\u00a0 Le contrat de soci\u00e9t\u00e9 organise les relations entre les actionnaires, dans le respect de la loi, des statuts, et des dispositions contractuelles prises par les associ\u00e9s.<\/p>\n<p id=\"u312793-11\" style=\"text-align: justify;\">Dans la mesure o\u00f9 une entreprise ne fait pas d\u2019affaires sans conclure de <a href=\"https:\/\/www.e2.law\/en_US\/services\/\">contrats<\/a>, ces soci\u00e9t\u00e9s sont amen\u00e9es \u00e0 conclure de <a href=\"https:\/\/www.e2.law\/en_US\/conseil\/\">nombreux contrats avec d\u2019autres soci\u00e9t\u00e9s au gr\u00e9 de leurs activit\u00e9s<\/a>.\u00a0\u00a0 Un <a href=\"https:\/\/www.e2.law\/en_US\/services\/redaction-de-contrats\/\">contrat \u00e9crit<\/a> n\u2019est pas n\u00e9cessaire pour qu\u2019il y ait un contrat entre des parties mais est <a href=\"https:\/\/www.e2.law\/en_US\/services\/\">dans de nombreux cas strictement recommand\u00e9<\/a>.<\/p>\n<p id=\"u312793-14\" style=\"text-align: justify;\">Par ailleurs, il arrive encore que des entreprises soient confront\u00e9es \u00e0 une inex\u00e9cution, volontaire ou non, d\u2019obligations contractuelles, et qu\u2019elles soient en d\u00e9saccord sur la port\u00e9e \u00e0 donner \u00e0 certaines r\u00e8gles, d\u2019origine l\u00e9gale ou contractuelle.\u00a0 De telles situations sont l\u2019occasion de la naissance de <a href=\"https:\/\/www.e2.law\/en_US\/prevention-des-conflits-contentieux\/\">litiges<\/a>.<\/p>\n<p id=\"u312793-17\" style=\"text-align: justify;\">L\u2019exercice d\u2019une activit\u00e9 commerciale requiert dans la majorit\u00e9 des cas le respect de nombreuses r\u00e8gles formant le <a href=\"https:\/\/www.e2.law\/en_US\/2018\/09\/26\/compliance-explained-for-dummies\/\">cadre r\u00e9glementaire<\/a> applicable \u00e0 l&#8217;entreprise.\u00a0 Ces r\u00e8gles \u00e9voluent en fonction des clients (r\u00e8gles relatives au droit de la consommation), en fonction du secteur (r\u00e8gle d\u2019acc\u00e8s \u00e0 la profession ).\u00a0 La sanction du non-respect de ces r\u00e8gles est variable.\u00a0 Leur non-respect peut rendre l\u2019activit\u00e9 ill\u00e9gale et s\u2019accompagner de sanctions administratives ou l\u00e9gales.\u00a0\u00a0 Il peut \u00e9galement avoir un effet sur la validit\u00e9 ou l\u2019ex\u00e9cutabilit\u00e9 de certaines clauses d\u2019un contrat (certaines clauses \u00e9tant interdites dans certains types de contrats), voire emp\u00eacher l\u2019entreprise d\u2019aller en justice. Ces r\u00e8gles s\u2019examinent avant le lancement d\u2019une activit\u00e9 commerciale [Lien vers section start up} et\u00a0 se remettent \u00e0 jour r\u00e9guli\u00e8rement.<\/p>\n<p style=\"text-align: justify;\">A c\u00f4t\u00e9 de celles-ci se trouvent un certains nombre de points accessoires au d\u00e9veloppement d\u2019une activit\u00e9, qu\u2019une entreprise doit prendre en compte.\u00a0 Il en va ainsi de la protection de ses cr\u00e9ations (propri\u00e9t\u00e9 intellectuelle), de fa\u00e7on positive, et, de fa\u00e7on n\u00e9gative, de la v\u00e9rification que l\u2019activit\u00e9 d\u00e9ploy\u00e9e par la soci\u00e9t\u00e9 se rentre pas en conflit avec la cr\u00e9ation prot\u00e9g\u00e9e d\u2019une autre soci\u00e9t\u00e9.\u00a0\u00a0 Il en va \u00e9galement ainsi d\u2019un certain nombre d\u2019autres r\u00e8gles, qui int\u00e9resse la fiscalit\u00e9, l\u2019urbanisme etc\u2026.<\/p>\n<p id=\"u312793-24\" style=\"text-align: justify;\">Toutes ces r\u00e8gles forment des environnements normatifs dont la complexit\u00e9 va en croissant. Par la conjonction de la superposition des niveaux de pouvoirs, de l\u2019internationalisation des affaires (lien vers extran\u00e9it\u00e9), la multiplication des droits nationaux susceptibles avoir une influence sur la situation d\u2019un projet d\u2019entreprise, l\u2019\u00e9volution technologique, les r\u00e9formes r\u00e9guli\u00e8res et la tendance g\u00e9n\u00e9rale du l\u00e9gislateur de r\u00e9gulier de plus en p lus de secteur.\u00a0 En cons\u00e9quences de quoi, les entreprises et la soci\u00e9t\u00e9s que nous conseillons doivent naviguer dans des environnements es entreprises doivent naviguer dans ces r\u00e9alit\u00e9s souvent complexes. <a href=\"https:\/\/www.e2.law\/en_US\/services\/\">Nous aidons nos clients \u00e0 mettre tout cela en place,<\/a> \u00e0 diff\u00e9rents stade de d\u00e9veloppement.<\/p>\n<p id=\"u312793-27\" style=\"text-align: justify;\">Nous aidons les soci\u00e9t\u00e9s \u00e0 naviguer dans ces environnements.\u00a0\u00a0 Nous conseillons principalement des pme, encore que leur taille et leur niveau de d\u00e9veloppement soit variable. (p. ex. : startups, scale-ups, PME, soci\u00e9t\u00e9s cot\u00e9es, soci\u00e9t\u00e9s en difficult\u00e9s), en Belgique et \u00e0 l\u2019\u00e9tranger.<\/p>\n<p id=\"u312793-30\" style=\"text-align: justify;\">Ainsi que nous sommes intervenus pour des transactions dont la valeur des actifs d\u00e9passait EUR 25.000.000, avons particip\u00e9 \u00e0 des lev\u00e9es de fonds pour plusieurs millions d\u2019euros, et avons conseill\u00e9 des soci\u00e9t\u00e9s \u00e9tablies sur plusieurs continents.<\/p>\n<p id=\"u312793-34\" style=\"text-align: justify;\">Nous dispositions d\u2019un programme sp\u00e9cifique d\u2019accompagnement pour les start-up, au travers des diff\u00e9rentes \u00e9tapes de leur progression <span id=\"u312793-33\">[rappeler le lien}.<\/span><\/p>\n<p id=\"u312793-37\" style=\"text-align: justify;\">Les champs d\u2019activit\u00e9s sont eux m\u00eames assez large.\u00a0 Ainsi nous avons d\u00e9velopp\u00e9s des partenariats informels avec diff\u00e9rents cabinets ou des soci\u00e9t\u00e9s de posting.<\/p>\n<p id=\"u312793-40\" style=\"text-align: justify;\">La r\u00e8gle d\u2019or de notre activit\u00e9 est de tirer parti de l\u2019avantage qui r\u00e9sulte d\u2019une relation continue et, d\u2019autre part, de choisir des clients strat\u00e9giques permettant une d\u00e9veloppement sectoriel int\u00e9ressant sur le long terme.<\/p>\n<\/div>\n<\/div><div class=\"fusion-clearfix\"><\/div><\/div><\/div><\/div><\/div><div class=\"fusion-fullwidth fullwidth-box fusion-builder-row-2 nonhundred-percent-fullwidth non-hundred-percent-height-scrolling\" style=\"--awb-border-radius-top-left:0px;--awb-border-radius-top-right:0px;--awb-border-radius-bottom-right:0px;--awb-border-radius-bottom-left:0px;--awb-flex-wrap:wrap;\" ><div class=\"fusion-builder-row fusion-row\"><div class=\"fusion-layout-column fusion_builder_column fusion-builder-column-1 fusion_builder_column_1_2 1_2 fusion-one-half fusion-column-first\" style=\"--awb-bg-size:cover;width:50%;width:calc(50% - ( ( 4% ) * 0.5 ) );margin-right: 4%;\"><div class=\"fusion-column-wrapper fusion-flex-column-wrapper-legacy\"><div class=\"fusion-clearfix\"><\/div><\/div><\/div><div class=\"fusion-layout-column fusion_builder_column fusion-builder-column-2 fusion_builder_column_1_2 1_2 fusion-one-half fusion-column-last\" style=\"--awb-bg-size:cover;width:50%;width:calc(50% - ( ( 4% ) * 0.5 ) );\"><div class=\"fusion-column-wrapper fusion-flex-column-wrapper-legacy\"><div class=\"fusion-alignright\"><a class=\"fusion-button button-flat button-medium button-default fusion-button-default button-1 fusion-button-default-span fusion-button-default-type\" target=\"_self\" href=\"https:\/\/www.e2.law\/e-composition\/social-sector\/\"><span class=\"fusion-button-icon-divider button-icon-divider-left\"><i class=\"fa-angle-right fas awb-button__icon awb-button__icon--default\" aria-hidden=\"true\"><\/i><\/span><span class=\"fusion-button-text awb-button__text awb-button__text--default fusion-button-text-left\">Next<\/span><\/a><\/div><div class=\"fusion-clearfix\"><\/div><\/div><\/div><\/div><\/div><\/p>\n","protected":false},"excerpt":{"rendered":"","protected":false},"author":166,"featured_media":0,"parent":0,"menu_order":0,"comment_status":"closed","ping_status":"closed","template":"","meta":{"_acf_changed":false,"footnotes":""},"class_list":["post-14157","page","type-page","status-publish","hentry"],"acf":[],"yoast_head":"<!-- This site is optimized with the Yoast SEO plugin v27.5 - https:\/\/yoast.com\/product\/yoast-seo-wordpress\/ -->\n<title>For Profit - e2.law<\/title>\n<meta name=\"robots\" content=\"index, follow, max-snippet:-1, max-image-preview:large, max-video-preview:-1\" \/>\n<link rel=\"canonical\" href=\"https:\/\/www.e2.law\/en\/for-profit-2\/\" \/>\n<meta property=\"og:locale\" content=\"en_US\" \/>\n<meta property=\"og:type\" content=\"article\" \/>\n<meta property=\"og:title\" content=\"For Profit - e2.law\" \/>\n<meta property=\"og:url\" content=\"https:\/\/www.e2.law\/en\/for-profit-2\/\" \/>\n<meta property=\"og:site_name\" content=\"e2.law\" \/>\n<meta property=\"article:modified_time\" content=\"2020-12-19T21:37:52+00:00\" \/>\n<meta name=\"twitter:card\" content=\"summary_large_image\" \/>\n<meta name=\"twitter:label1\" content=\"Est. reading time\" \/>\n\t<meta name=\"twitter:data1\" content=\"7 minutes\" \/>\n<script type=\"application\/ld+json\" class=\"yoast-schema-graph\">{\"@context\":\"https:\\\/\\\/schema.org\",\"@graph\":[{\"@type\":\"WebPage\",\"@id\":\"https:\\\/\\\/www.e2.law\\\/en\\\/for-profit-2\\\/\",\"url\":\"https:\\\/\\\/www.e2.law\\\/en\\\/for-profit-2\\\/\",\"name\":\"For Profit - e2.law\",\"isPartOf\":{\"@id\":\"https:\\\/\\\/www.e2.law\\\/fr\\\/#website\"},\"datePublished\":\"2018-12-11T09:38:37+00:00\",\"dateModified\":\"2020-12-19T21:37:52+00:00\",\"breadcrumb\":{\"@id\":\"https:\\\/\\\/www.e2.law\\\/en\\\/for-profit-2\\\/#breadcrumb\"},\"inLanguage\":\"en-US\",\"potentialAction\":[{\"@type\":\"ReadAction\",\"target\":[\"https:\\\/\\\/www.e2.law\\\/en\\\/for-profit-2\\\/\"]}]},{\"@type\":\"BreadcrumbList\",\"@id\":\"https:\\\/\\\/www.e2.law\\\/en\\\/for-profit-2\\\/#breadcrumb\",\"itemListElement\":[{\"@type\":\"ListItem\",\"position\":1,\"name\":\"Home\",\"item\":\"https:\\\/\\\/www.e2.law\\\/en\\\/\"},{\"@type\":\"ListItem\",\"position\":2,\"name\":\"For Profit\"}]},{\"@type\":\"WebSite\",\"@id\":\"https:\\\/\\\/www.e2.law\\\/fr\\\/#website\",\"url\":\"https:\\\/\\\/www.e2.law\\\/fr\\\/\",\"name\":\"e2.law\",\"description\":\"A Business Law Firm\",\"publisher\":{\"@id\":\"https:\\\/\\\/www.e2.law\\\/fr\\\/#organization\"},\"potentialAction\":[{\"@type\":\"SearchAction\",\"target\":{\"@type\":\"EntryPoint\",\"urlTemplate\":\"https:\\\/\\\/www.e2.law\\\/fr\\\/?s={search_term_string}\"},\"query-input\":{\"@type\":\"PropertyValueSpecification\",\"valueRequired\":true,\"valueName\":\"search_term_string\"}}],\"inLanguage\":\"en-US\"},{\"@type\":\"Organization\",\"@id\":\"https:\\\/\\\/www.e2.law\\\/fr\\\/#organization\",\"name\":\"E2.law\",\"url\":\"https:\\\/\\\/www.e2.law\\\/fr\\\/\",\"logo\":{\"@type\":\"ImageObject\",\"inLanguage\":\"en-US\",\"@id\":\"https:\\\/\\\/www.e2.law\\\/fr\\\/#\\\/schema\\\/logo\\\/image\\\/\",\"url\":\"https:\\\/\\\/www.e2.law\\\/wp-content\\\/uploads\\\/2018\\\/12\\\/logo-2.png\",\"contentUrl\":\"https:\\\/\\\/www.e2.law\\\/wp-content\\\/uploads\\\/2018\\\/12\\\/logo-2.png\",\"width\":152,\"height\":40,\"caption\":\"E2.law\"},\"image\":{\"@id\":\"https:\\\/\\\/www.e2.law\\\/fr\\\/#\\\/schema\\\/logo\\\/image\\\/\"},\"sameAs\":[\"https:\\\/\\\/www.linkedin.com\\\/company\\\/e2.law\"]}]}<\/script>\n<!-- \/ Yoast SEO plugin. -->","yoast_head_json":{"title":"For Profit - e2.law","robots":{"index":"index","follow":"follow","max-snippet":"max-snippet:-1","max-image-preview":"max-image-preview:large","max-video-preview":"max-video-preview:-1"},"canonical":"https:\/\/www.e2.law\/en\/for-profit-2\/","og_locale":"en_US","og_type":"article","og_title":"For Profit - e2.law","og_url":"https:\/\/www.e2.law\/en\/for-profit-2\/","og_site_name":"e2.law","article_modified_time":"2020-12-19T21:37:52+00:00","twitter_card":"summary_large_image","twitter_misc":{"Est. reading time":"7 minutes"},"schema":{"@context":"https:\/\/schema.org","@graph":[{"@type":"WebPage","@id":"https:\/\/www.e2.law\/en\/for-profit-2\/","url":"https:\/\/www.e2.law\/en\/for-profit-2\/","name":"For Profit - e2.law","isPartOf":{"@id":"https:\/\/www.e2.law\/fr\/#website"},"datePublished":"2018-12-11T09:38:37+00:00","dateModified":"2020-12-19T21:37:52+00:00","breadcrumb":{"@id":"https:\/\/www.e2.law\/en\/for-profit-2\/#breadcrumb"},"inLanguage":"en-US","potentialAction":[{"@type":"ReadAction","target":["https:\/\/www.e2.law\/en\/for-profit-2\/"]}]},{"@type":"BreadcrumbList","@id":"https:\/\/www.e2.law\/en\/for-profit-2\/#breadcrumb","itemListElement":[{"@type":"ListItem","position":1,"name":"Home","item":"https:\/\/www.e2.law\/en\/"},{"@type":"ListItem","position":2,"name":"For Profit"}]},{"@type":"WebSite","@id":"https:\/\/www.e2.law\/fr\/#website","url":"https:\/\/www.e2.law\/fr\/","name":"e2.law","description":"A Business Law Firm","publisher":{"@id":"https:\/\/www.e2.law\/fr\/#organization"},"potentialAction":[{"@type":"SearchAction","target":{"@type":"EntryPoint","urlTemplate":"https:\/\/www.e2.law\/fr\/?s={search_term_string}"},"query-input":{"@type":"PropertyValueSpecification","valueRequired":true,"valueName":"search_term_string"}}],"inLanguage":"en-US"},{"@type":"Organization","@id":"https:\/\/www.e2.law\/fr\/#organization","name":"E2.law","url":"https:\/\/www.e2.law\/fr\/","logo":{"@type":"ImageObject","inLanguage":"en-US","@id":"https:\/\/www.e2.law\/fr\/#\/schema\/logo\/image\/","url":"https:\/\/www.e2.law\/wp-content\/uploads\/2018\/12\/logo-2.png","contentUrl":"https:\/\/www.e2.law\/wp-content\/uploads\/2018\/12\/logo-2.png","width":152,"height":40,"caption":"E2.law"},"image":{"@id":"https:\/\/www.e2.law\/fr\/#\/schema\/logo\/image\/"},"sameAs":["https:\/\/www.linkedin.com\/company\/e2.law"]}]}},"jetpack_sharing_enabled":true,"_links":{"self":[{"href":"https:\/\/www.e2.law\/en\/wp-json\/wp\/v2\/pages\/14157","targetHints":{"allow":["GET"]}}],"collection":[{"href":"https:\/\/www.e2.law\/en\/wp-json\/wp\/v2\/pages"}],"about":[{"href":"https:\/\/www.e2.law\/en\/wp-json\/wp\/v2\/types\/page"}],"author":[{"embeddable":true,"href":"https:\/\/www.e2.law\/en\/wp-json\/wp\/v2\/users\/166"}],"replies":[{"embeddable":true,"href":"https:\/\/www.e2.law\/en\/wp-json\/wp\/v2\/comments?post=14157"}],"version-history":[{"count":0,"href":"https:\/\/www.e2.law\/en\/wp-json\/wp\/v2\/pages\/14157\/revisions"}],"wp:attachment":[{"href":"https:\/\/www.e2.law\/en\/wp-json\/wp\/v2\/media?parent=14157"}],"curies":[{"name":"wp","href":"https:\/\/api.w.org\/{rel}","templated":true}]}}