{"id":28214,"date":"2021-01-08T22:40:53","date_gmt":"2021-01-08T20:40:53","guid":{"rendered":"https:\/\/www.e2.law\/?page_id=28214"},"modified":"2022-11-15T12:02:14","modified_gmt":"2022-11-15T10:02:14","slug":"terms-conditions","status":"publish","type":"page","link":"https:\/\/www.e2.law\/en\/terms-conditions\/","title":{"rendered":"Knowledge base \u2013 terms of use"},"content":{"rendered":"<p>The knowledge portal hosted on our website provides our visitors with information content structured in the form of &#8220;topics&#8221;.<\/p>\n<p>These sheets are linked to each other by a set of links, allowing the visitor to navigate in a user-friendly way.\u00a0 Different types of cards exist. Registered visitors can mark topics as favourites to consult them later on their personal page, thus creating their personal legal database. To see the tools available, click here.<\/p>\n<p>From time to time, e\u00b2.law lawyers may refer you to some of this content as part of a legal opinion.<\/p>\n<h2 data-fontsize=\"18\" data-lineheight=\"27\"><span style=\"text-decoration: underline;\"><strong>About Us\u00a0\u00a0<\/strong><\/span><\/h2>\n<p><strong>Philosophy<\/strong><\/p>\n<p>We wish to capitalise on the experience gained by the firm to :<\/p>\n<ul>\n<li>improve access to legal information;<\/li>\n<li>fight against the perception that the litigant may have of the law as something boring;<\/li>\n<li>offer an innovative legal service based on the technological possibilities of digitalization;<\/li>\n<li>providing our clients who want to learn (more) for themselves with qualitative sources of information;<\/li>\n<li>structuring the collective learning of the members of the firm around a common platform (permanent training notes, research in files,&#8230;) on which to build during subsequent assignments;<\/li>\n<li>to have a reflection of the firm&#8217;s activity and know-how.<\/li>\n<\/ul>\n<p><strong>What content?\u00a0<\/strong><\/p>\n<p>The forms contain mainly text and visuals.\u00a0\u00a0 The content of these forms can be reused, thanks to &#8220;shortcodes&#8221; (IT functionality allowing to reproduce the content of a specific page on another page) in:<\/p>\n<ul>\n<li data-fontsize=\"18\" data-lineheight=\"27\">contextual questionnaires (allowing the visitor to vary the display content according to the choices he or she has made when answering a questionnaire)<\/li>\n<li data-fontsize=\"18\" data-lineheight=\"27\">lessons from e-learning software installed on this website.<\/li>\n<\/ul>\n<p>Some of the forms may contain model documents.<\/p>\n<p><b>Methodology<\/b><\/p>\n<p>The product of our work is injected into this portal, as and when we provide legal advice. For example, when lawyers are asked to deal with interesting topics and concepts for which legal research has been carried out, they are invited to put aside a short summary in a trello card, or to complete a post directly on the site.<\/p>\n<p data-initialized=\"true\" data-gclp-id=\"5\"><div class=\"rcp_restricted\"><\/div><\/p>\n<blockquote><p>No client information is ever circulated in the knowledge portal.<\/p><\/blockquote>\n<p><strong>How is this content used?<\/strong><\/p>\n<p>Besides the freely accessible content, some of the content is intended to be reserved:<\/p>\n<ul>\n<li>sometimes to Internet users or to our clients, depending on the level of access granted to them<\/li>\n<li>sometimes to the firm&#8217;s lawyers, who can thus find easily reusable information for each subject.<\/li>\n<\/ul>\n<p><strong>How can we keep a trace on a durable medium<\/strong><\/p>\n<p>The posts you have marked as favourites and the questionnaires you have saved (or sent) can be found in your personal space.<\/p>\n<p>The questionnaires are intended to give you a contextualised view of the content hosted on this portal in relation to the situation you have described.\u00a0 You can save this as a pdf via your browser.<\/p>\n<h2><strong>Legal aspects of use<\/strong><\/h2>\n<p><strong>Licence to use\u00a0<\/strong><\/p>\n<p>You have the right to copy and save the information on the pages of this portal for your own use or for use in connection with your professional activities, regardless of the link you have.<\/p>\n<p>If you find the information useful, do not hesitate to tell us about it. Where possible, please feel free to share the information on the internet.\u00a0 You can share this content on the internet.<\/p>\n<p>If you find that something could be improved or something you did not like or is inaccurate, please contact us directly, so that we can see how we can improve this project.<\/p>\n<p>You are not allowed to alter the content of the website.<\/p>\n<p><strong>Date of update and changes<\/strong><\/p>\n<p>The date on which the content was modified is displayed on each form. Please pay attention to this date.<\/p>\n<p>We update this content as needed in our files.\u00a0 Legal information on this website may not be updated immediately<\/p>\n<p><em>The content of the knowledge portal is subject to reorganisation, especially as it is still under development.<\/em><\/p>\n<p><strong>Value of the content published on this knowledge base &#8211; limitations of liability<\/strong><\/p>\n<p>The use of this knowledge portal is subject to the general limitations of liability expressed in the <a href=\"https:\/\/www.e2.law\/en\/terms-conditions\/\">terms of use of the website<\/a>.<\/p>\n<ul>\n<li>Information available and freely accessible on the portal, without the intervention of a lawyer<\/li>\n<\/ul>\n<p>The information contained in this Knowledge Base is an aid to the understanding of the legal topics covered.\u00a0 This information alone never constitutes legal advice.\u00a0 In some cases, the references may have become inaccurate (e.g. due to changes in the law) or incomplete (because another legal standard would be applicable to a specific situation).<\/p>\n<p>Obtaining an adequate legal solution to a particular situation may require taking into account elements not provided on this portal, requiring a specific assessment of the facts, and legal advice.\u00a0 In these cases, a personalised intervention by a lawyer or a legal expert is necessary. If you have any questions, please do not hesitate to contact us.<\/p>\n<ul>\n<li>References made to this website in the course of our activities as lawyers.<\/li>\n<\/ul>\n<p>Sometimes we refer to a page of this portal. This is because it can efficiently complete the framework of a legal opinion.\u00a0 Where appropriate, we draw content from the visible and invisible parts of the portal to feed our legal opinions.<\/p>\n<p>We simply ensure that the content of the page to which our client is specifically referred is up to date at the time we make the reference. This reference does not constitute a legal opinion for which we are responsible. Our involvement and liability is strictly limited to legal advice given orally, by e-mail or in a memorandum.<\/p>\n<p><strong>Changes to the terms of use<\/strong><\/p>\n<p>We reserve the right to change these terms of use.<\/p>\n<p><strong>Questions and suggestions\u00a0<\/strong><\/p>\n<p>Please feel free to send them to info@e2.law<\/p>\n<p><strong><div class=\"fusion-modal modal fade modal-1 noDisplay\" tabindex=\"-1\" role=\"dialog\" aria-labelledby=\"modal-heading-1\" aria-hidden=\"true\" style=\"--awb-border-color:#ebebeb;--awb-background:#f6f6f6;\"><div class=\"modal-dialog modal-sm\" role=\"document\"><div class=\"modal-content fusion-modal-content\"><div class=\"modal-header\"><button class=\"close\" type=\"button\" data-dismiss=\"modal\" aria-hidden=\"true\" aria-label=\"Close\">&times;<\/button><h3 class=\"modal-title\" id=\"modal-heading-1\" data-dismiss=\"modal\" aria-hidden=\"true\">Your Content Goes Here<\/h3><\/div><div class=\"modal-body fusion-clearfix\"><\/strong><\/p>\n<p>Un certain nombre de documents juridiques standard sont disponibles sur notre plateforme, gratuitement, en fonction du niveau d&#8217;acc\u00e8s. Notre offre de services implique des abonnements r\u00e9currents, ce qui implique que le client utilise nos mod\u00e8les car ceux-ci respectent nos normes et sont connus de nous, ce qui implique un gain de temps pour nous.<\/p>\n<p>Notre site web ne propose pas la cr\u00e9ation automatis\u00e9e de contrats car nous estimons que les logiciels ne sont pas encore pr\u00eats pour remplacer un avocat. La r\u00e9daction d&#8217;un contrat sp\u00e9cifique n\u00e9cessite encore une approche sur mesure.<\/p>\n<p>Toutefois, une fois le contrat r\u00e9dig\u00e9, si le client doit l&#8217;utiliser dans de nombreuses applications, nous pouvons l&#8217;aider \u00e0 cr\u00e9er son propre dispositif de cr\u00e9ation automatis\u00e9e de contrats, simplement en utilisant MS word et la fonction int\u00e9gr\u00e9e d&#8217;Excel ou en demandant une aide sp\u00e9cifique \u00e0 notre assistance informatique.<\/p>\n<p><strong><\/div><div class=\"modal-footer\"><button class=\"fusion-button button-default button-medium button default medium\" type=\"button\" data-dismiss=\"modal\">Close<\/button><\/div><\/div><\/div><\/div><\/strong><\/p>\n","protected":false},"excerpt":{"rendered":"<p>The knowledge portal hosted on our website provides our visitors with information content structured in the form of &#8220;topics&#8221;. These sheets are linked to each other by a set of links, allowing the visitor to navigate in a user-friendly way.\u00a0 Different types of cards exist. Registered visitors can mark topics as favourites to consult them later  [&#8230;]<\/p>\n","protected":false},"author":166,"featured_media":0,"parent":0,"menu_order":0,"comment_status":"closed","ping_status":"closed","template":"","meta":{"_acf_changed":false,"footnotes":""},"class_list":["post-28214","page","type-page","status-publish","hentry"],"acf":[],"yoast_head":"<!-- This site is optimized with the Yoast SEO plugin v27.5 - https:\/\/yoast.com\/product\/yoast-seo-wordpress\/ -->\n<title>Knowledge base \u2013 terms of use - e2.law<\/title>\n<meta name=\"robots\" content=\"index, follow, max-snippet:-1, max-image-preview:large, max-video-preview:-1\" \/>\n<link rel=\"canonical\" href=\"https:\/\/www.e2.law\/en\/terms-conditions\/\" \/>\n<meta property=\"og:locale\" content=\"en_US\" \/>\n<meta property=\"og:type\" content=\"article\" \/>\n<meta property=\"og:title\" content=\"Knowledge base \u2013 terms of use - e2.law\" \/>\n<meta property=\"og:description\" content=\"The knowledge portal hosted on our website provides our visitors with information content structured in the form of &#8220;topics&#8221;. These sheets are linked to each other by a set of links, allowing the visitor to navigate in a user-friendly way.\u00a0 Different types of cards exist. Registered visitors can mark topics as favourites to consult them later [...]\" \/>\n<meta property=\"og:url\" content=\"https:\/\/www.e2.law\/en\/terms-conditions\/\" \/>\n<meta property=\"og:site_name\" content=\"e2.law\" \/>\n<meta property=\"article:modified_time\" content=\"2022-11-15T10:02:14+00:00\" \/>\n<meta name=\"twitter:card\" content=\"summary_large_image\" \/>\n<meta name=\"twitter:label1\" content=\"Est. reading time\" \/>\n\t<meta name=\"twitter:data1\" content=\"5 minutes\" \/>\n<script type=\"application\/ld+json\" class=\"yoast-schema-graph\">{\"@context\":\"https:\\\/\\\/schema.org\",\"@graph\":[{\"@type\":\"WebPage\",\"@id\":\"https:\\\/\\\/www.e2.law\\\/en\\\/terms-conditions\\\/\",\"url\":\"https:\\\/\\\/www.e2.law\\\/en\\\/terms-conditions\\\/\",\"name\":\"Knowledge base \u2013 terms of use - e2.law\",\"isPartOf\":{\"@id\":\"https:\\\/\\\/www.e2.law\\\/fr\\\/#website\"},\"datePublished\":\"2021-01-08T20:40:53+00:00\",\"dateModified\":\"2022-11-15T10:02:14+00:00\",\"breadcrumb\":{\"@id\":\"https:\\\/\\\/www.e2.law\\\/en\\\/terms-conditions\\\/#breadcrumb\"},\"inLanguage\":\"en-US\",\"potentialAction\":[{\"@type\":\"ReadAction\",\"target\":[\"https:\\\/\\\/www.e2.law\\\/en\\\/terms-conditions\\\/\"]}]},{\"@type\":\"BreadcrumbList\",\"@id\":\"https:\\\/\\\/www.e2.law\\\/en\\\/terms-conditions\\\/#breadcrumb\",\"itemListElement\":[{\"@type\":\"ListItem\",\"position\":1,\"name\":\"Home\",\"item\":\"https:\\\/\\\/www.e2.law\\\/en\\\/\"},{\"@type\":\"ListItem\",\"position\":2,\"name\":\"Knowledge base \u2013 terms of use\"}]},{\"@type\":\"WebSite\",\"@id\":\"https:\\\/\\\/www.e2.law\\\/fr\\\/#website\",\"url\":\"https:\\\/\\\/www.e2.law\\\/fr\\\/\",\"name\":\"e2.law\",\"description\":\"A Business Law Firm\",\"publisher\":{\"@id\":\"https:\\\/\\\/www.e2.law\\\/fr\\\/#organization\"},\"potentialAction\":[{\"@type\":\"SearchAction\",\"target\":{\"@type\":\"EntryPoint\",\"urlTemplate\":\"https:\\\/\\\/www.e2.law\\\/fr\\\/?s={search_term_string}\"},\"query-input\":{\"@type\":\"PropertyValueSpecification\",\"valueRequired\":true,\"valueName\":\"search_term_string\"}}],\"inLanguage\":\"en-US\"},{\"@type\":\"Organization\",\"@id\":\"https:\\\/\\\/www.e2.law\\\/fr\\\/#organization\",\"name\":\"E2.law\",\"url\":\"https:\\\/\\\/www.e2.law\\\/fr\\\/\",\"logo\":{\"@type\":\"ImageObject\",\"inLanguage\":\"en-US\",\"@id\":\"https:\\\/\\\/www.e2.law\\\/fr\\\/#\\\/schema\\\/logo\\\/image\\\/\",\"url\":\"https:\\\/\\\/www.e2.law\\\/wp-content\\\/uploads\\\/2018\\\/12\\\/logo-2.png\",\"contentUrl\":\"https:\\\/\\\/www.e2.law\\\/wp-content\\\/uploads\\\/2018\\\/12\\\/logo-2.png\",\"width\":152,\"height\":40,\"caption\":\"E2.law\"},\"image\":{\"@id\":\"https:\\\/\\\/www.e2.law\\\/fr\\\/#\\\/schema\\\/logo\\\/image\\\/\"},\"sameAs\":[\"https:\\\/\\\/www.linkedin.com\\\/company\\\/e2.law\"]}]}<\/script>\n<!-- \/ Yoast SEO plugin. -->","yoast_head_json":{"title":"Knowledge base \u2013 terms of use - e2.law","robots":{"index":"index","follow":"follow","max-snippet":"max-snippet:-1","max-image-preview":"max-image-preview:large","max-video-preview":"max-video-preview:-1"},"canonical":"https:\/\/www.e2.law\/en\/terms-conditions\/","og_locale":"en_US","og_type":"article","og_title":"Knowledge base \u2013 terms of use - e2.law","og_description":"The knowledge portal hosted on our website provides our visitors with information content structured in the form of &#8220;topics&#8221;. These sheets are linked to each other by a set of links, allowing the visitor to navigate in a user-friendly way.\u00a0 Different types of cards exist. Registered visitors can mark topics as favourites to consult them later [...]","og_url":"https:\/\/www.e2.law\/en\/terms-conditions\/","og_site_name":"e2.law","article_modified_time":"2022-11-15T10:02:14+00:00","twitter_card":"summary_large_image","twitter_misc":{"Est. reading time":"5 minutes"},"schema":{"@context":"https:\/\/schema.org","@graph":[{"@type":"WebPage","@id":"https:\/\/www.e2.law\/en\/terms-conditions\/","url":"https:\/\/www.e2.law\/en\/terms-conditions\/","name":"Knowledge base \u2013 terms of use - e2.law","isPartOf":{"@id":"https:\/\/www.e2.law\/fr\/#website"},"datePublished":"2021-01-08T20:40:53+00:00","dateModified":"2022-11-15T10:02:14+00:00","breadcrumb":{"@id":"https:\/\/www.e2.law\/en\/terms-conditions\/#breadcrumb"},"inLanguage":"en-US","potentialAction":[{"@type":"ReadAction","target":["https:\/\/www.e2.law\/en\/terms-conditions\/"]}]},{"@type":"BreadcrumbList","@id":"https:\/\/www.e2.law\/en\/terms-conditions\/#breadcrumb","itemListElement":[{"@type":"ListItem","position":1,"name":"Home","item":"https:\/\/www.e2.law\/en\/"},{"@type":"ListItem","position":2,"name":"Knowledge base \u2013 terms of use"}]},{"@type":"WebSite","@id":"https:\/\/www.e2.law\/fr\/#website","url":"https:\/\/www.e2.law\/fr\/","name":"e2.law","description":"A Business Law Firm","publisher":{"@id":"https:\/\/www.e2.law\/fr\/#organization"},"potentialAction":[{"@type":"SearchAction","target":{"@type":"EntryPoint","urlTemplate":"https:\/\/www.e2.law\/fr\/?s={search_term_string}"},"query-input":{"@type":"PropertyValueSpecification","valueRequired":true,"valueName":"search_term_string"}}],"inLanguage":"en-US"},{"@type":"Organization","@id":"https:\/\/www.e2.law\/fr\/#organization","name":"E2.law","url":"https:\/\/www.e2.law\/fr\/","logo":{"@type":"ImageObject","inLanguage":"en-US","@id":"https:\/\/www.e2.law\/fr\/#\/schema\/logo\/image\/","url":"https:\/\/www.e2.law\/wp-content\/uploads\/2018\/12\/logo-2.png","contentUrl":"https:\/\/www.e2.law\/wp-content\/uploads\/2018\/12\/logo-2.png","width":152,"height":40,"caption":"E2.law"},"image":{"@id":"https:\/\/www.e2.law\/fr\/#\/schema\/logo\/image\/"},"sameAs":["https:\/\/www.linkedin.com\/company\/e2.law"]}]}},"jetpack_sharing_enabled":true,"_links":{"self":[{"href":"https:\/\/www.e2.law\/en\/wp-json\/wp\/v2\/pages\/28214","targetHints":{"allow":["GET"]}}],"collection":[{"href":"https:\/\/www.e2.law\/en\/wp-json\/wp\/v2\/pages"}],"about":[{"href":"https:\/\/www.e2.law\/en\/wp-json\/wp\/v2\/types\/page"}],"author":[{"embeddable":true,"href":"https:\/\/www.e2.law\/en\/wp-json\/wp\/v2\/users\/166"}],"replies":[{"embeddable":true,"href":"https:\/\/www.e2.law\/en\/wp-json\/wp\/v2\/comments?post=28214"}],"version-history":[{"count":2,"href":"https:\/\/www.e2.law\/en\/wp-json\/wp\/v2\/pages\/28214\/revisions"}],"predecessor-version":[{"id":43104,"href":"https:\/\/www.e2.law\/en\/wp-json\/wp\/v2\/pages\/28214\/revisions\/43104"}],"wp:attachment":[{"href":"https:\/\/www.e2.law\/en\/wp-json\/wp\/v2\/media?parent=28214"}],"curies":[{"name":"wp","href":"https:\/\/api.w.org\/{rel}","templated":true}]}}