{"id":14294,"date":"2018-12-15T11:18:58","date_gmt":"2018-12-15T11:18:58","guid":{"rendered":"https:\/\/www.e2.law\/litiges-internationaux\/"},"modified":"2020-04-05T17:08:51","modified_gmt":"2020-04-05T15:08:51","slug":"litiges-internationaux","status":"publish","type":"page","link":"https:\/\/www.e2.law\/fr\/litiges-internationaux\/","title":{"rendered":"LITIGES INTERNATIONAUX"},"content":{"rendered":"<p><div class=\"fusion-fullwidth fullwidth-box fusion-builder-row-1 nonhundred-percent-fullwidth non-hundred-percent-height-scrolling\" style=\"--awb-border-radius-top-left:0px;--awb-border-radius-top-right:0px;--awb-border-radius-bottom-right:0px;--awb-border-radius-bottom-left:0px;--awb-flex-wrap:wrap;\" ><div class=\"fusion-builder-row fusion-row\"><div class=\"fusion-layout-column fusion_builder_column fusion-builder-column-0 fusion_builder_column_1_1 1_1 fusion-one-full fusion-column-first fusion-column-last\" style=\"--awb-padding-top:20px;--awb-padding-right:20px;--awb-padding-bottom:20px;--awb-padding-left:20px;--awb-bg-size:cover;\"><div class=\"fusion-column-wrapper fusion-flex-column-wrapper-legacy\"><div class=\"fusion-sep-clear\"><\/div><div class=\"fusion-separator fusion-full-width-sep\" style=\"margin-left: auto;margin-right: auto;margin-top:20px;width:100%;\"><\/div><div class=\"fusion-sep-clear\"><\/div><div class=\"fusion-image-element fusion-image-align-center in-legacy-container\" style=\"text-align:center;--awb-max-width:100%;--awb-caption-title-font-family:var(--h2_typography-font-family);--awb-caption-title-font-weight:var(--h2_typography-font-weight);--awb-caption-title-font-style:var(--h2_typography-font-style);--awb-caption-title-size:var(--h2_typography-font-size);--awb-caption-title-transform:var(--h2_typography-text-transform);--awb-caption-title-line-height:var(--h2_typography-line-height);--awb-caption-title-letter-spacing:var(--h2_typography-letter-spacing);\"><div class=\"imageframe-align-center\"><span class=\" fusion-imageframe imageframe-none imageframe-1 hover-type-none\"><img decoding=\"async\" width=\"1346\" height=\"448\" title=\"8\" src=\"https:\/\/i0.wp.com\/www.e2.law\/wp-content\/uploads\/2018\/12\/8.jpg?fit=1346%2C448&ssl=1\" data-orig-src=\"https:\/\/www.e2.law\/wp-content\/uploads\/2018\/12\/8.jpg\" alt class=\"lazyload img-responsive wp-image-14296\" srcset=\"data:image\/svg+xml,%3Csvg%20xmlns%3D%27http%3A%2F%2Fwww.w3.org%2F2000%2Fsvg%27%20width%3D%271346%27%20height%3D%27448%27%20viewBox%3D%270%200%201346%20448%27%3E%3Crect%20width%3D%271346%27%20height%3D%27448%27%20fill-opacity%3D%220%22%2F%3E%3C%2Fsvg%3E\" data-srcset=\"https:\/\/i0.wp.com\/www.e2.law\/wp-content\/uploads\/2018\/12\/8.jpg?resize=200%2C67&amp;ssl=1 200w, https:\/\/i0.wp.com\/www.e2.law\/wp-content\/uploads\/2018\/12\/8.jpg?resize=300%2C100&amp;ssl=1 300w, https:\/\/i0.wp.com\/www.e2.law\/wp-content\/uploads\/2018\/12\/8.jpg?resize=400%2C133&amp;ssl=1 400w, https:\/\/i0.wp.com\/www.e2.law\/wp-content\/uploads\/2018\/12\/8.jpg?resize=500%2C166&amp;ssl=1 500w, https:\/\/i0.wp.com\/www.e2.law\/wp-content\/uploads\/2018\/12\/8.jpg?resize=600%2C200&amp;ssl=1 600w, https:\/\/i0.wp.com\/www.e2.law\/wp-content\/uploads\/2018\/12\/8.jpg?resize=700%2C233&amp;ssl=1 700w, https:\/\/i0.wp.com\/www.e2.law\/wp-content\/uploads\/2018\/12\/8.jpg?resize=768%2C256&amp;ssl=1 768w, https:\/\/i0.wp.com\/www.e2.law\/wp-content\/uploads\/2018\/12\/8.jpg?resize=800%2C266&amp;ssl=1 800w, https:\/\/i0.wp.com\/www.e2.law\/wp-content\/uploads\/2018\/12\/8.jpg?resize=1024%2C341&amp;ssl=1 1024w, https:\/\/i0.wp.com\/www.e2.law\/wp-content\/uploads\/2018\/12\/8.jpg?resize=1200%2C399&amp;ssl=1 1200w, https:\/\/i0.wp.com\/www.e2.law\/wp-content\/uploads\/2018\/12\/8.jpg?w=1346&amp;ssl=1 1346w\" data-sizes=\"auto\" data-orig-sizes=\"(max-width: 800px) 100vw, 1200px\" \/><\/span><\/div><\/div><div class=\"fusion-text fusion-text-1\"><div class=\"modal-body fusion-clearfix\">\n<p>e\u00b2.law aide les entreprises \u00e0 assurer l&#8217;ex\u00e9cution, et le cas \u00e9ch\u00e9ant l\u2019<span class=\"fusion-tooltip tooltip-shortcode\" data-animation=\"\" data-delay=\"0\" data-placement=\"top\" data-title=\"L\u2019ex\u00e9cution consiste en la contrainte sur les personnes ou les biens, avec le concours, le cas \u00e9ch\u00e9ant, de la force publique (par exemple les saisies).\" title=\"L\u2019ex\u00e9cution consiste en la contrainte sur les personnes ou les biens, avec le concours, le cas \u00e9ch\u00e9ant, de la force publique (par exemple les saisies).\" data-toggle=\"tooltip\" data-trigger=\"hover\">ex\u00e9cution forc\u00e9e<\/span>, des obligations souscrites \u00e0 leur \u00e9gard par leur parternaires commerciaux.<\/p>\n<p>Lorsqu\u2019un d\u00e9biteur n&#8217;ex\u00e9cute pas spontan\u00e9ment ses obligations vis-\u00e0-vis de son cr\u00e9ancier, celui-ci est habilit\u00e9 \u00e0 le contraindre \u00e0 ex\u00e9cuter ses obligations via toutes les voies de droit et d\u2019ex\u00e9cution.<\/p>\n<p>Dans un premier temps, il s&#8217;agit d&#8217;obtenir un titre ex\u00e9cutoire constatant la r\u00e9alit\u00e9 du droit. Pour ce faire, l&#8217;entreprise doit en r\u00e8gle g\u00e9n\u00e9rale s&#8217;adresser \u00e0 la juridiction comp\u00e9tente (judiciaire ou arbitrale). Lorsque tous les \u00e9l\u00e9ments du litige ne sont pas situ\u00e9s dans le m\u00eame Etat se pose la question de l&#8217;identification du juge internationalement comp\u00e9tent, tant pour conna\u00eetre du fond de l&#8217;affaire et que pour ordonner des mesures provisoires \u00e9ventuelles.<\/p>\n<p>Ce juge internationalement comp\u00e9tent devra la cas \u00e9ch\u00e9ant trancher tout d\u00e9saccord des parties quant au droit applicable.<\/p>\n<p>Lorsque les deux parties sont \u00e9tablies dans un m\u00eame \u00e9tat et que le cr\u00e9ancier cherche \u00e0 ex\u00e9cuter un titre d\u00e9livr\u00e9 par une autorit\u00e9 de cet \u00e9tat sur des biens situ\u00e9s dans celui-ci, l\u2019op\u00e9ration sera interne et enti\u00e8rement soumise au droit interne de l\u2019ex\u00e9cution de cet \u00e9tat.<\/p>\n<p>N\u00e9anmoins, si l&#8217;op\u00e9ration comporte des \u00e9l\u00e9ments d&#8217;extran\u00e9it\u00e9, (soit des \u00e9l\u00e9ments qui le rattache au droit de plusieurs Etats, il s\u2019agira de d\u00e9terminer quel droit d\u00e9terminera les conditions de l\u2019ex\u00e9cution forc\u00e9e du titre du cr\u00e9ancier.<\/p>\n<p>Un \u00e9l\u00e9ment d\u2019extran\u00e9it\u00e9 est pr\u00e9sent, par exemple, si le bien \u00e0 saisir est situ\u00e9 sur le territoire d\u2019un Etat \u00e9tranger ou si le titre fondant l\u2019ex\u00e9cution a \u00e9t\u00e9 d\u00e9livr\u00e9 par une autorit\u00e9 \u00e9trang\u00e8re ; dans ces cas-l\u00e0, plusieurs Etats sont en effet concern\u00e9s. L&#8217;objet du droit international de l\u2019ex\u00e9cution est de d\u00e9terminer quel sera le droit applicable aux conditions de l\u2019ex\u00e9cution forc\u00e9e du titre du cr\u00e9ancier.<\/p>\n<p><strong>La mati\u00e8re est r\u00e9gl\u00e9e par un certain nombre de trait\u00e9s tant bilat\u00e9raux et multilat\u00e9raux ainsi que par les dispositions nationales. Au niveau europ\u00e9en, certaines exceptions s\u2019appliquent pour certains Etats membres.<\/strong><\/p>\n<h4>1. Pr\u00e9vention lors de la r\u00e9daction de contrats<\/h4>\n<p>L&#8217;\u00e9laboration d\u2019un contrat comportant des \u00e9l\u00e9ments d\u2019extran\u00e9it\u00e9 requiert souvent de prendre en consid\u00e9ration les solutions concr\u00e8tes disponibles en cas d\u2019inex\u00e9cution contractuelle.<\/p>\n<p>Ces solutions sont susceptibles de varier en fonction des facteurs de rattachements.<\/p>\n<h4>2. Obtention d&#8217;un titre ex\u00e9cutoire<\/h4>\n<p>Les principales trait\u00e9s relatifs \u00e0 la comp\u00e9tence internationale de juridiction en mati\u00e8re internationale sont les suivants:<\/p>\n<ul>\n<li>Au niveau europ\u00e9en (UE): le <a href=\"https:\/\/eur-lex.europa.eu\/legal-content\/FR\/TXT\/?uri=celex%3A32012R1215\" target=\"_blank\" rel=\"noopener noreferrer\">R\u00e8glement (UE) n \u00b0 1215\/2012 du 12 d\u00e9cembre 2012<\/a> concernant la comp\u00e9tence judiciaire, la reconnaissance et l\u2019ex\u00e9cution des d\u00e9cisions en mati\u00e8re civile et commerciale<\/li>\n<li>Avec la Suisse, la Norv\u00e8ge et l&#8217;Islande: La <a href=\"https:\/\/eur-lex.europa.eu\/legal-content\/FR\/TXT\/?uri=LEGISSUM%3Al16029\" target=\"_blank\" rel=\"noopener noreferrer\">convention dite &#8220;de Lugano&#8221;<\/a> (bis) sur la comp\u00e9tence judiciaire, la reconnaissance et l&#8217;ex\u00e9cution des d\u00e9cisions en mati\u00e8re civile et commerciale.<\/li>\n<\/ul>\n<p>Il peut \u00eatre recouru \u00e0 diverses proc\u00e9dures europ\u00e9ennes pour les affaires civiles transfrontali\u00e8res:<\/p>\n<ul>\n<li>l&#8217;<a href=\"https:\/\/e-justice.europa.eu\/content_order_for_payment_procedures-41-fr.do\" target=\"_blank\" rel=\"noopener noreferrer\">injonction de payer europ\u00e9enne<\/a>,<\/li>\n<li>la <a href=\"https:\/\/e-justice.europa.eu\/content_small_claims-42-fr.do\" target=\"_blank\" rel=\"noopener noreferrer\">proc\u00e9dure europ\u00e9enne de r\u00e8glement des petits litiges<\/a>, et ;<\/li>\n<li>le <a href=\"https:\/\/e-justice.europa.eu\/content_european_enforcement_order-54-fr.do\" target=\"_blank\" rel=\"noopener noreferrer\">titre ex\u00e9cutoire europ\u00e9en<\/a>)<\/li>\n<\/ul>\n<p>Il existe \u00e9galement une <a href=\"https:\/\/e-justice.europa.eu\/content_insolvency-447-fr.do\" target=\"_blank\" rel=\"noopener noreferrer\">proc\u00e9dure europ\u00e9enne d&#8217;insolvabilit\u00e9 transfrontali\u00e8re<\/a> pour les cas d&#8217;insolvabilit\u00e9 qui concernent des entreprises ou des entrepreneurs qui ont des activit\u00e9s, des actifs ou des affaires dans plusieurs Etats-membres,<\/p>\n<h4>2. Ex\u00e9cution des titres ex\u00e9cutoires<\/h4>\n<p>Les jugements europ\u00e9ens circulent librement: les mesures interm\u00e9diaire dans la circulation des jugement ont \u00e9t\u00e9 supprim\u00e9es: ils sont reconnus de plein droit, sans nul besoin, au pr\u00e9alable, d&#8217;une proc\u00e9dure en exequatur. Les jugements \u00e9trangers \u00e0 l&#8217;EU doivent, en r\u00e8gle g\u00e9n\u00e9rale, encore faire l\u2019objet d\u2019une processus en &#8220;exequatur&#8221; pour sortir des effets juridiques dans l\u2019ordre d\u2019un \u00e9tat membre.<\/p>\n<p>Le droit substantiel de l\u2019ex\u00e9cution reste soumis aux droits nationaux, les instruments europ\u00e9ens y renvoyant principalement concernant toutes les op\u00e9rations d\u2019ex\u00e9cution. Cela y compris pour ex\u00e9cution les d\u00e9cisions obtenues par suite de l&#8217;utilisation des proc\u00e9dures europ\u00e9ennes pour l&#8217;obtention d&#8217;un titre \u00e0 ex\u00e9cuter. La d\u00e9cision judiciaire doit toujours \u00eatre ex\u00e9cut\u00e9e conform\u00e9ment aux r\u00e8gles et proc\u00e9dures nationales de l&#8217;\u00c9tat d&#8217;ex\u00e9cution (g\u00e9n\u00e9ralement, celui o\u00f9 le d\u00e9biteur a son domicile ou ses biens).<\/p>\n<p>Depuis le 18 janvier 2017, il existe toutefois une <a href=\"https:\/\/e-justice.europa.eu\/content_european_account_preservation_order-379-fr.do\" target=\"_blank\" rel=\"noopener noreferrer\">proc\u00e9dure europ\u00e9enne d&#8217;ex\u00e9cution des avoirs bancaires<\/a> (OESC) r\u00e9serv\u00e9e au recouvrement international applicable \u00e0 tous les Etats membres \u00e0 l&#8217;exception du Danemark et du Royaume-Uni.<\/p>\n<p><em>Les principes qui pr\u00e9c\u00e8dent sont g\u00e9n\u00e9raux et doivent \u00eatre nuanc\u00e9s \u00e0 c\u00f4t\u00e9 des titres juridictionnels qui y ont vis\u00e9s. Il existe d\u2019autres titres qui, sortent \u00e9galement certains effets. Par ailleurs, pour les uns comme pour les autres ils peuvent en plus avoir certains autres effets, notamment sur le plan de la force probante.<\/em><\/p>\n<\/div>\n<\/div><div class=\"fusion-clearfix\"><\/div><\/div><\/div><\/div><\/div><div class=\"fusion-fullwidth fullwidth-box fusion-builder-row-2 nonhundred-percent-fullwidth non-hundred-percent-height-scrolling\" style=\"--awb-border-radius-top-left:0px;--awb-border-radius-top-right:0px;--awb-border-radius-bottom-right:0px;--awb-border-radius-bottom-left:0px;--awb-flex-wrap:wrap;\" ><div class=\"fusion-builder-row fusion-row\"><div class=\"fusion-layout-column fusion_builder_column fusion-builder-column-1 fusion_builder_column_1_2 1_2 fusion-one-half fusion-column-first\" style=\"--awb-bg-size:cover;width:50%;width:calc(50% - ( ( 4% ) * 0.5 ) );margin-right: 4%;\"><div class=\"fusion-column-wrapper fusion-flex-column-wrapper-legacy\"><div class=\"fusion-alignleft\"><a class=\"fusion-button button-flat button-medium button-default fusion-button-default button-1 fusion-button-default-span fusion-button-default-type\" target=\"_self\" href=\"https:\/\/www.e2.law\/e-composition\/mobilite-des-personnes\/\"><span class=\"fusion-button-text awb-button__text awb-button__text--default fusion-button-text-right\">Previous<\/span><span class=\"fusion-button-icon-divider button-icon-divider-right\"><i class=\"fa-angle-left fas awb-button__icon awb-button__icon--default\" aria-hidden=\"true\"><\/i><\/span><\/a><\/div><div class=\"fusion-clearfix\"><\/div><\/div><\/div><div class=\"fusion-layout-column fusion_builder_column fusion-builder-column-2 fusion_builder_column_1_2 1_2 fusion-one-half fusion-column-last\" style=\"--awb-bg-size:cover;width:50%;width:calc(50% - ( ( 4% ) * 0.5 ) );\"><div class=\"fusion-column-wrapper fusion-flex-column-wrapper-legacy\"><div class=\"fusion-clearfix\"><\/div><\/div><\/div><\/div><\/div><\/p>\n","protected":false},"excerpt":{"rendered":"","protected":false},"author":166,"featured_media":0,"parent":0,"menu_order":0,"comment_status":"closed","ping_status":"closed","template":"","meta":{"_acf_changed":false,"footnotes":""},"class_list":["post-14294","page","type-page","status-publish","hentry"],"acf":[],"yoast_head":"<!-- This site is optimized with the Yoast SEO plugin v27.5 - https:\/\/yoast.com\/product\/yoast-seo-wordpress\/ -->\n<title>LITIGES INTERNATIONAUX - e2.law<\/title>\n<meta name=\"robots\" content=\"index, follow, max-snippet:-1, max-image-preview:large, max-video-preview:-1\" \/>\n<link rel=\"canonical\" href=\"https:\/\/www.e2.law\/fr\/litiges-internationaux\/\" \/>\n<meta property=\"og:locale\" content=\"fr_FR\" \/>\n<meta property=\"og:type\" content=\"article\" \/>\n<meta property=\"og:title\" content=\"LITIGES INTERNATIONAUX - e2.law\" \/>\n<meta property=\"og:url\" content=\"https:\/\/www.e2.law\/fr\/litiges-internationaux\/\" \/>\n<meta property=\"og:site_name\" content=\"e2.law\" \/>\n<meta property=\"article:modified_time\" content=\"2020-04-05T15:08:51+00:00\" \/>\n<meta name=\"twitter:card\" content=\"summary_large_image\" \/>\n<meta name=\"twitter:label1\" content=\"Dur\u00e9e de lecture estim\u00e9e\" \/>\n\t<meta name=\"twitter:data1\" content=\"8 minutes\" \/>\n<script type=\"application\/ld+json\" class=\"yoast-schema-graph\">{\"@context\":\"https:\\\/\\\/schema.org\",\"@graph\":[{\"@type\":\"WebPage\",\"@id\":\"https:\\\/\\\/www.e2.law\\\/fr\\\/litiges-internationaux\\\/\",\"url\":\"https:\\\/\\\/www.e2.law\\\/fr\\\/litiges-internationaux\\\/\",\"name\":\"LITIGES INTERNATIONAUX - e2.law\",\"isPartOf\":{\"@id\":\"https:\\\/\\\/www.e2.law\\\/fr\\\/#website\"},\"datePublished\":\"2018-12-15T11:18:58+00:00\",\"dateModified\":\"2020-04-05T15:08:51+00:00\",\"breadcrumb\":{\"@id\":\"https:\\\/\\\/www.e2.law\\\/fr\\\/litiges-internationaux\\\/#breadcrumb\"},\"inLanguage\":\"fr-FR\",\"potentialAction\":[{\"@type\":\"ReadAction\",\"target\":[\"https:\\\/\\\/www.e2.law\\\/fr\\\/litiges-internationaux\\\/\"]}]},{\"@type\":\"BreadcrumbList\",\"@id\":\"https:\\\/\\\/www.e2.law\\\/fr\\\/litiges-internationaux\\\/#breadcrumb\",\"itemListElement\":[{\"@type\":\"ListItem\",\"position\":1,\"name\":\"Home\",\"item\":\"https:\\\/\\\/www.e2.law\\\/fr\\\/home\\\/\"},{\"@type\":\"ListItem\",\"position\":2,\"name\":\"LITIGES INTERNATIONAUX\"}]},{\"@type\":\"WebSite\",\"@id\":\"https:\\\/\\\/www.e2.law\\\/fr\\\/#website\",\"url\":\"https:\\\/\\\/www.e2.law\\\/fr\\\/\",\"name\":\"e2.law\",\"description\":\"A Business Law Firm\",\"publisher\":{\"@id\":\"https:\\\/\\\/www.e2.law\\\/fr\\\/#organization\"},\"potentialAction\":[{\"@type\":\"SearchAction\",\"target\":{\"@type\":\"EntryPoint\",\"urlTemplate\":\"https:\\\/\\\/www.e2.law\\\/fr\\\/?s={search_term_string}\"},\"query-input\":{\"@type\":\"PropertyValueSpecification\",\"valueRequired\":true,\"valueName\":\"search_term_string\"}}],\"inLanguage\":\"fr-FR\"},{\"@type\":\"Organization\",\"@id\":\"https:\\\/\\\/www.e2.law\\\/fr\\\/#organization\",\"name\":\"E2.law\",\"url\":\"https:\\\/\\\/www.e2.law\\\/fr\\\/\",\"logo\":{\"@type\":\"ImageObject\",\"inLanguage\":\"fr-FR\",\"@id\":\"https:\\\/\\\/www.e2.law\\\/fr\\\/#\\\/schema\\\/logo\\\/image\\\/\",\"url\":\"https:\\\/\\\/www.e2.law\\\/wp-content\\\/uploads\\\/2018\\\/12\\\/logo-2.png\",\"contentUrl\":\"https:\\\/\\\/www.e2.law\\\/wp-content\\\/uploads\\\/2018\\\/12\\\/logo-2.png\",\"width\":152,\"height\":40,\"caption\":\"E2.law\"},\"image\":{\"@id\":\"https:\\\/\\\/www.e2.law\\\/fr\\\/#\\\/schema\\\/logo\\\/image\\\/\"},\"sameAs\":[\"https:\\\/\\\/www.linkedin.com\\\/company\\\/e2.law\"]}]}<\/script>\n<!-- \/ Yoast SEO plugin. -->","yoast_head_json":{"title":"LITIGES INTERNATIONAUX - e2.law","robots":{"index":"index","follow":"follow","max-snippet":"max-snippet:-1","max-image-preview":"max-image-preview:large","max-video-preview":"max-video-preview:-1"},"canonical":"https:\/\/www.e2.law\/fr\/litiges-internationaux\/","og_locale":"fr_FR","og_type":"article","og_title":"LITIGES INTERNATIONAUX - e2.law","og_url":"https:\/\/www.e2.law\/fr\/litiges-internationaux\/","og_site_name":"e2.law","article_modified_time":"2020-04-05T15:08:51+00:00","twitter_card":"summary_large_image","twitter_misc":{"Dur\u00e9e de lecture estim\u00e9e":"8 minutes"},"schema":{"@context":"https:\/\/schema.org","@graph":[{"@type":"WebPage","@id":"https:\/\/www.e2.law\/fr\/litiges-internationaux\/","url":"https:\/\/www.e2.law\/fr\/litiges-internationaux\/","name":"LITIGES INTERNATIONAUX - e2.law","isPartOf":{"@id":"https:\/\/www.e2.law\/fr\/#website"},"datePublished":"2018-12-15T11:18:58+00:00","dateModified":"2020-04-05T15:08:51+00:00","breadcrumb":{"@id":"https:\/\/www.e2.law\/fr\/litiges-internationaux\/#breadcrumb"},"inLanguage":"fr-FR","potentialAction":[{"@type":"ReadAction","target":["https:\/\/www.e2.law\/fr\/litiges-internationaux\/"]}]},{"@type":"BreadcrumbList","@id":"https:\/\/www.e2.law\/fr\/litiges-internationaux\/#breadcrumb","itemListElement":[{"@type":"ListItem","position":1,"name":"Home","item":"https:\/\/www.e2.law\/fr\/home\/"},{"@type":"ListItem","position":2,"name":"LITIGES INTERNATIONAUX"}]},{"@type":"WebSite","@id":"https:\/\/www.e2.law\/fr\/#website","url":"https:\/\/www.e2.law\/fr\/","name":"e2.law","description":"A Business Law Firm","publisher":{"@id":"https:\/\/www.e2.law\/fr\/#organization"},"potentialAction":[{"@type":"SearchAction","target":{"@type":"EntryPoint","urlTemplate":"https:\/\/www.e2.law\/fr\/?s={search_term_string}"},"query-input":{"@type":"PropertyValueSpecification","valueRequired":true,"valueName":"search_term_string"}}],"inLanguage":"fr-FR"},{"@type":"Organization","@id":"https:\/\/www.e2.law\/fr\/#organization","name":"E2.law","url":"https:\/\/www.e2.law\/fr\/","logo":{"@type":"ImageObject","inLanguage":"fr-FR","@id":"https:\/\/www.e2.law\/fr\/#\/schema\/logo\/image\/","url":"https:\/\/www.e2.law\/wp-content\/uploads\/2018\/12\/logo-2.png","contentUrl":"https:\/\/www.e2.law\/wp-content\/uploads\/2018\/12\/logo-2.png","width":152,"height":40,"caption":"E2.law"},"image":{"@id":"https:\/\/www.e2.law\/fr\/#\/schema\/logo\/image\/"},"sameAs":["https:\/\/www.linkedin.com\/company\/e2.law"]}]}},"jetpack_sharing_enabled":true,"_links":{"self":[{"href":"https:\/\/www.e2.law\/fr\/wp-json\/wp\/v2\/pages\/14294","targetHints":{"allow":["GET"]}}],"collection":[{"href":"https:\/\/www.e2.law\/fr\/wp-json\/wp\/v2\/pages"}],"about":[{"href":"https:\/\/www.e2.law\/fr\/wp-json\/wp\/v2\/types\/page"}],"author":[{"embeddable":true,"href":"https:\/\/www.e2.law\/fr\/wp-json\/wp\/v2\/users\/166"}],"replies":[{"embeddable":true,"href":"https:\/\/www.e2.law\/fr\/wp-json\/wp\/v2\/comments?post=14294"}],"version-history":[{"count":0,"href":"https:\/\/www.e2.law\/fr\/wp-json\/wp\/v2\/pages\/14294\/revisions"}],"wp:attachment":[{"href":"https:\/\/www.e2.law\/fr\/wp-json\/wp\/v2\/media?parent=14294"}],"curies":[{"name":"wp","href":"https:\/\/api.w.org\/{rel}","templated":true}]}}