{"id":20269,"date":"2012-11-10T03:12:49","date_gmt":"2012-11-10T03:12:49","guid":{"rendered":"https:\/\/www.e2.law\/home\/"},"modified":"2022-11-30T12:21:07","modified_gmt":"2022-11-30T10:21:07","slug":"home","status":"publish","type":"page","link":"https:\/\/www.e2.law\/fr\/","title":{"rendered":"Home"},"content":{"rendered":"<p><div class=\"fusion-fullwidth fullwidth-box fusion-builder-row-1 fusion-flex-container nonhundred-percent-fullwidth non-hundred-percent-height-scrolling\" style=\"--awb-border-radius-top-left:0px;--awb-border-radius-top-right:0px;--awb-border-radius-bottom-right:0px;--awb-border-radius-bottom-left:0px;--awb-flex-wrap:wrap;\" ><div class=\"fusion-builder-row fusion-row fusion-flex-align-items-flex-start fusion-flex-content-wrap\" style=\"max-width:1144px;margin-left: calc(-4% \/ 2 );margin-right: calc(-4% \/ 2 );\"><div class=\"fusion-layout-column fusion_builder_column fusion-builder-column-0 fusion_builder_column_1_1 1_1 fusion-flex-column\" style=\"--awb-bg-size:cover;--awb-width-large:100%;--awb-margin-top-large:0px;--awb-spacing-right-large:1.92%;--awb-margin-bottom-large:20px;--awb-spacing-left-large:1.92%;--awb-width-medium:100%;--awb-order-medium:0;--awb-spacing-right-medium:1.92%;--awb-spacing-left-medium:1.92%;--awb-width-small:100%;--awb-order-small:0;--awb-spacing-right-small:1.92%;--awb-spacing-left-small:1.92%;\"><div class=\"fusion-column-wrapper fusion-column-has-shadow fusion-flex-justify-content-flex-start fusion-content-layout-column\"><script type=\"text\/javascript\">jQuery(function() { _initLayerSlider( '#layerslider_81_3q21epaksnqy', {createdWith: '6.8.4', sliderVersion: '7.2.1', type: 'fullwidth', pauseOnHover: 'enabled', skin: 'v6', sliderFadeInDuration: 350, showCircleTimer: false, useSrcset: true, skinsPath: 'https:\/\/www.e2.law\/wp-content\/plugins\/LayerSlider\/assets\/static\/layerslider\/skins\/', performanceMode: true}); });<\/script><link href=\"https:\/\/fonts.googleapis.com\/css?family=Lato:100,100i,200,200i,300,300i,400,400i,500,500i,600,600i,700,700i,800,800i,900,900i\" rel=\"stylesheet\"><div id=\"layerslider_81_3q21epaksnqy\"  class=\"ls-wp-container fitvidsignore ls-selectable\" style=\"width:1280px;height:720px;margin:0 auto;margin-bottom: 0px;\"><div class=\"ls-slide\" ><img decoding=\"async\" width=\"1200\" height=\"600\" src=\"https:\/\/i0.wp.com\/www.e2.law\/wp-content\/uploads\/2019\/08\/st-hubert-gallery-brussels-iStock-186933092-panorama.jpg?fit=1200%2C600&amp;ssl=1\" class=\"disable-lazyload ls-bg\" alt=\"\" srcset=\"https:\/\/i0.wp.com\/www.e2.law\/wp-content\/uploads\/2019\/08\/st-hubert-gallery-brussels-iStock-186933092-panorama.jpg?resize=200%2C100&amp;ssl=1 200w, https:\/\/i0.wp.com\/www.e2.law\/wp-content\/uploads\/2019\/08\/st-hubert-gallery-brussels-iStock-186933092-panorama.jpg?resize=300%2C150&amp;ssl=1 300w, https:\/\/i0.wp.com\/www.e2.law\/wp-content\/uploads\/2019\/08\/st-hubert-gallery-brussels-iStock-186933092-panorama.jpg?resize=400%2C200&amp;ssl=1 400w, https:\/\/i0.wp.com\/www.e2.law\/wp-content\/uploads\/2019\/08\/st-hubert-gallery-brussels-iStock-186933092-panorama.jpg?resize=500%2C250&amp;ssl=1 500w, https:\/\/i0.wp.com\/www.e2.law\/wp-content\/uploads\/2019\/08\/st-hubert-gallery-brussels-iStock-186933092-panorama.jpg?resize=600%2C300&amp;ssl=1 600w, https:\/\/i0.wp.com\/www.e2.law\/wp-content\/uploads\/2019\/08\/st-hubert-gallery-brussels-iStock-186933092-panorama.jpg?resize=700%2C350&amp;ssl=1 700w, https:\/\/i0.wp.com\/www.e2.law\/wp-content\/uploads\/2019\/08\/st-hubert-gallery-brussels-iStock-186933092-panorama.jpg?resize=768%2C384&amp;ssl=1 768w, https:\/\/i0.wp.com\/www.e2.law\/wp-content\/uploads\/2019\/08\/st-hubert-gallery-brussels-iStock-186933092-panorama.jpg?resize=800%2C400&amp;ssl=1 800w, https:\/\/i0.wp.com\/www.e2.law\/wp-content\/uploads\/2019\/08\/st-hubert-gallery-brussels-iStock-186933092-panorama.jpg?resize=1024%2C512&amp;ssl=1 1024w, https:\/\/i0.wp.com\/www.e2.law\/wp-content\/uploads\/2019\/08\/st-hubert-gallery-brussels-iStock-186933092-panorama.jpg?fit=1200%2C600&amp;ssl=1 1200w\" sizes=\"(max-width: 1100px) 100vw, 1100px\" \/><p style=\"top:502px;text-align:left;font-size:55px;color:#ffffff;font-family:Lato;width:650px;left:80px;\" class=\"ls-l ls-text-layer\" data-ls=\"position:relative;\">Cabinet d'avocats d'affaires<\/p><\/div><\/div><\/div><\/div><\/div><\/div><div class=\"fusion-fullwidth fullwidth-box fusion-builder-row-2 nonhundred-percent-fullwidth non-hundred-percent-height-scrolling\" style=\"--awb-border-radius-top-left:0px;--awb-border-radius-top-right:0px;--awb-border-radius-bottom-right:0px;--awb-border-radius-bottom-left:0px;--awb-padding-top:50px;--awb-flex-wrap:wrap;\" ><div class=\"fusion-builder-row fusion-row\"><div class=\"fusion-layout-column fusion_builder_column fusion-builder-column-1 fusion_builder_column_1_1 1_1 fusion-one-full fusion-column-first fusion-column-last\" style=\"--awb-bg-size:cover;\"><div class=\"fusion-column-wrapper fusion-flex-column-wrapper-legacy\"><div class=\"fusion-title title fusion-title-1 fusion-title-text fusion-title-size-two\"><h2 class=\"fusion-title-heading title-heading-left fusion-responsive-typography-calculated\" style=\"margin:0;--fontSize:18;--minFontSize:18;line-height:1.5;\">D\u00e9couvrez ce que nous pouvons faire pour vous<\/h2><span class=\"awb-title-spacer\"><\/span><div class=\"title-sep-container\"><div class=\"title-sep sep-single sep-solid\" style=\"border-color:#e0dede;\"><\/div><\/div><\/div><div class=\"fusion-text fusion-text-1\"><div class=\"goal-listing-container  vertical-view\">\n                <div class=\"container\">\n                    <div class=\"gl-header\">\n                        <div class=\"row\">\n                            <div class=\"col-md-5\">\n                                <div class=\"row\">\n                                    <div class=\"col-md-6\"><h3 id=\"\" data-header=\"column-01\">Je suis <\/h3><\/div>\n                                    <div class=\"col-md-6\"><h3 id=\"\" data-header=\"column-02\">Je souhaite<\/h3><\/div>\n                                <\/div>\n                            <\/div>\n                            <div class=\"col-md-7\"><h3 id=\"\" data-header=\"column-03\">e\u00b2.law peut m'aider \u00e0 :<\/h3><\/div>\n                        <\/div>\n                    <\/div>\n                <div class=\"gl-body\"><div class=\"row\"><div class=\"left-section\"><div class=\"row\"><div class=\"column-1 col-md-6\" data-body=\"column-01\">\n                                    <h3 id=\"heading1\" class=\"heading-text\" data-header=\"column-01\">Je suis <\/h3>\n                                    <div class=\"bottom\"><button class=\"button-inactive category1\" data-id=\"1216\" data-select_tag_category1=tag>Porteur de projet<\/button><button class=\"button-inactive category1\" data-id=\"1329\" data-select_tag_category1=tag>Entreprise<\/button><button class=\"button-inactive category1\" data-id=\"1330\" data-select_tag_category1=tag>Actionnaire<\/button><button class=\"button-inactive category1\" data-id=\"1331\" data-select_tag_category1=tag>Dirigeant<\/button><button class=\"button-inactive category1\" data-id=\"1513\" data-select_tag_category1=tag>Employeur<\/button><button class=\"button-inactive category1\" data-id=\"1333\" data-select_tag_category1=tag>Un Particulier<\/button><a href=\"javascript:void(0)\" class=\"gl-back-btn\" data-ref=\"column-01\"><\/a><\/div> \n                        <\/div><div class=\"column-1 col-md-6\" data-body=\"column-02\">\n                                <h3 id=\"heading2\" class=\"heading-text\" data-header=\"column-02\">Je souhaite<\/h3>\n                                <div class=\"bottom section2\"><button class=\"button-inactive category2\" data-id=1231 data-ref=1216 data-select_tag_category2=tag disabled style=\"display:none;\">Exercer une activit\u00e9 d\u00e9sint\u00e9ress\u00e9e<\/button><button class=\"button-inactive category2\" data-id=1232 data-ref=1216 data-select_tag_category2=tag disabled style=\"display:none;\">G\u00e9n\u00e9rer et distribuer des profits<\/button><button class=\"button-inactive category2\" data-id=1258 data-ref=1216 data-select_tag_category2=tag disabled style=\"display:none;\">Reprendre une entreprise<\/button><button class=\"button-inactive category2\" data-id=0 data-ref=1216 data-select_tag_category2=tag disabled style=\"display:none;\"><\/button><button class=\"button-inactive category2\" data-id=1224 data-ref=1329 data-select_tag_category2=tag disabled style=\"display:none;\">Prot\u00e9ger son business<\/button><button class=\"button-inactive category2\" data-id=1225 data-ref=1329 data-select_tag_category2=tag disabled style=\"display:none;\">Exercer mes activit\u00e9s en conformit\u00e9 avec la l\u00e9gislation<\/button><button class=\"button-inactive category2\" data-id=0 data-ref=1329 data-select_tag_category2=tag disabled style=\"display:none;\"><\/button><button class=\"button-inactive category2\" data-id=1223 data-ref=1329 data-select_tag_category2=tag disabled style=\"display:none;\">G\u00e9rer un probl\u00e8me de paiement<\/button><button class=\"button-inactive category2\" data-id=1217 data-ref=1329 data-select_tag_category2=tag disabled style=\"display:none;\">Incentiver mon personnel<\/button><button class=\"button-inactive category2\" data-id=1228 data-ref=1329 data-select_tag_category2=tag disabled style=\"display:none;\">R\u00e9gler une situation li\u00e9e aux imp\u00f4ts<\/button><button class=\"button-inactive category2\" data-id=0 data-ref=1329 data-select_tag_category2=tag disabled style=\"display:none;\"><\/button><button class=\"button-inactive category2\" data-id=1230 data-ref=1330 data-select_tag_category2=tag disabled style=\"display:none;\">Optimiser<\/button><button class=\"button-inactive category2\" data-id=1215 data-ref=1330 data-select_tag_category2=tag disabled style=\"display:none;\">G\u00e9rer un litige<\/button><button class=\"button-inactive category2\" data-id=1218 data-ref=1330 data-select_tag_category2=tag disabled style=\"display:none;\">C\u00e9der une entreprise<\/button><button class=\"button-inactive category2\" data-id=1230 data-ref=1331 data-select_tag_category2=tag disabled style=\"display:none;\">Optimiser<\/button><button class=\"button-inactive category2\" data-id=0 data-ref=1331 data-select_tag_category2=tag disabled style=\"display:none;\"><\/button><button class=\"button-inactive category2\" data-id=784 data-ref=1331 data-select_tag_category2=tag disabled style=\"display:none;\">Prot\u00e9ger ma responsabilit\u00e9<\/button><button class=\"button-inactive category2\" data-id=0 data-ref=1331 data-select_tag_category2=tag disabled style=\"display:none;\"><\/button><button class=\"button-inactive category2\" data-id=1220 data-ref=1513 data-select_tag_category2=tag disabled style=\"display:none;\">Engager du personnel<\/button><button class=\"button-inactive category2\" data-id=1217 data-ref=1513 data-select_tag_category2=tag disabled style=\"display:none;\">Incentiver mon personnel<\/button><button class=\"button-inactive category2\" data-id=1225 data-ref=1513 data-select_tag_category2=tag disabled style=\"display:none;\">Exercer mes activit\u00e9s en conformit\u00e9 avec la l\u00e9gislation<\/button><button class=\"button-inactive category2\" data-id=1228 data-ref=1333 data-select_tag_category2=tag disabled style=\"display:none;\">R\u00e9gler une situation li\u00e9e aux imp\u00f4ts<\/button><button class=\"button-inactive category2\" data-id=0 data-ref=1333 data-select_tag_category2=tag disabled style=\"display:none;\"><\/button><button class=\"button-inactive category2\" data-id=1009 data-ref=1333 data-select_tag_category2=tag disabled style=\"display:none;\">G\u00e9rer une rupture de contrat de travail<\/button><button class=\"button-inactive category2\" data-id=1215 data-ref=1333 data-select_tag_category2=tag disabled style=\"display:none;\">G\u00e9rer un litige<\/button><a href=\"javascript:void(0)\" class=\"gl-back-btn\" data-ref=\"column-02\"><\/a><\/div>\n                        <\/div><\/div><\/div><div class=\"right-section\" data-body=\"column-03\"><h3 id=\"heading3\" class=\"heading-text\" data-header=\"column-03\">e\u00b2.law peut m'aider \u00e0 :<\/h3><input type=\"hidden\" id=\"topic_str\" value=needs><div class=\"rs-flex\"><div class=\"rs-right\"><div class=\"message-area notification\"><span>Please choose Je suis <\/span><\/div><div class=\"bottom-section\"><\/div><\/div><\/div><\/div><\/div><\/div><\/div><\/div><\/div><button type=\"button\" class=\"scroll-back-btn\"><\/button>\n<\/div><div class=\"fusion-clearfix\"><\/div><\/div><\/div><\/div><\/div><\/p>\n","protected":false},"excerpt":{"rendered":"","protected":false},"author":166,"featured_media":0,"parent":0,"menu_order":0,"comment_status":"open","ping_status":"closed","template":"100-width.php","meta":{"_acf_changed":false,"footnotes":""},"class_list":["post-20269","page","type-page","status-publish","hentry"],"acf":[],"yoast_head":"<!-- This site is optimized with the Yoast SEO plugin v27.5 - https:\/\/yoast.com\/product\/yoast-seo-wordpress\/ -->\n<title>Home - e2.law<\/title>\n<meta name=\"robots\" content=\"index, follow, max-snippet:-1, max-image-preview:large, max-video-preview:-1\" \/>\n<link rel=\"canonical\" href=\"https:\/\/www.e2.law\/fr\/home\/\" \/>\n<meta property=\"og:locale\" content=\"fr_FR\" \/>\n<meta property=\"og:type\" content=\"article\" \/>\n<meta property=\"og:title\" content=\"Home - e2.law\" \/>\n<meta property=\"og:url\" content=\"https:\/\/www.e2.law\/fr\/home\/\" \/>\n<meta property=\"og:site_name\" content=\"e2.law\" \/>\n<meta property=\"article:modified_time\" content=\"2022-11-30T10:21:07+00:00\" \/>\n<meta name=\"twitter:card\" content=\"summary_large_image\" \/>\n<meta name=\"twitter:label1\" content=\"Dur\u00e9e de lecture estim\u00e9e\" \/>\n\t<meta name=\"twitter:data1\" content=\"3 minutes\" \/>\n<script type=\"application\/ld+json\" class=\"yoast-schema-graph\">{\"@context\":\"https:\\\/\\\/schema.org\",\"@graph\":[{\"@type\":\"WebPage\",\"@id\":\"https:\\\/\\\/www.e2.law\\\/fr\\\/home\\\/\",\"url\":\"https:\\\/\\\/www.e2.law\\\/fr\\\/home\\\/\",\"name\":\"Home - e2.law\",\"isPartOf\":{\"@id\":\"https:\\\/\\\/www.e2.law\\\/fr\\\/#website\"},\"datePublished\":\"2012-11-10T03:12:49+00:00\",\"dateModified\":\"2022-11-30T10:21:07+00:00\",\"breadcrumb\":{\"@id\":\"https:\\\/\\\/www.e2.law\\\/fr\\\/home\\\/#breadcrumb\"},\"inLanguage\":\"fr-FR\",\"potentialAction\":[{\"@type\":\"ReadAction\",\"target\":[\"https:\\\/\\\/www.e2.law\\\/fr\\\/home\\\/\"]}]},{\"@type\":\"BreadcrumbList\",\"@id\":\"https:\\\/\\\/www.e2.law\\\/fr\\\/home\\\/#breadcrumb\",\"itemListElement\":[{\"@type\":\"ListItem\",\"position\":1,\"name\":\"Home\",\"item\":\"https:\\\/\\\/www.e2.law\\\/fr\\\/home\\\/\"},{\"@type\":\"ListItem\",\"position\":2,\"name\":\"Home\"}]},{\"@type\":\"WebSite\",\"@id\":\"https:\\\/\\\/www.e2.law\\\/fr\\\/#website\",\"url\":\"https:\\\/\\\/www.e2.law\\\/fr\\\/\",\"name\":\"e2.law\",\"description\":\"A Business Law Firm\",\"publisher\":{\"@id\":\"https:\\\/\\\/www.e2.law\\\/fr\\\/#organization\"},\"potentialAction\":[{\"@type\":\"SearchAction\",\"target\":{\"@type\":\"EntryPoint\",\"urlTemplate\":\"https:\\\/\\\/www.e2.law\\\/fr\\\/?s={search_term_string}\"},\"query-input\":{\"@type\":\"PropertyValueSpecification\",\"valueRequired\":true,\"valueName\":\"search_term_string\"}}],\"inLanguage\":\"fr-FR\"},{\"@type\":\"Organization\",\"@id\":\"https:\\\/\\\/www.e2.law\\\/fr\\\/#organization\",\"name\":\"E2.law\",\"url\":\"https:\\\/\\\/www.e2.law\\\/fr\\\/\",\"logo\":{\"@type\":\"ImageObject\",\"inLanguage\":\"fr-FR\",\"@id\":\"https:\\\/\\\/www.e2.law\\\/fr\\\/#\\\/schema\\\/logo\\\/image\\\/\",\"url\":\"https:\\\/\\\/www.e2.law\\\/wp-content\\\/uploads\\\/2018\\\/12\\\/logo-2.png\",\"contentUrl\":\"https:\\\/\\\/www.e2.law\\\/wp-content\\\/uploads\\\/2018\\\/12\\\/logo-2.png\",\"width\":152,\"height\":40,\"caption\":\"E2.law\"},\"image\":{\"@id\":\"https:\\\/\\\/www.e2.law\\\/fr\\\/#\\\/schema\\\/logo\\\/image\\\/\"},\"sameAs\":[\"https:\\\/\\\/www.linkedin.com\\\/company\\\/e2.law\"]}]}<\/script>\n<!-- \/ Yoast SEO plugin. -->","yoast_head_json":{"title":"Home - e2.law","robots":{"index":"index","follow":"follow","max-snippet":"max-snippet:-1","max-image-preview":"max-image-preview:large","max-video-preview":"max-video-preview:-1"},"canonical":"https:\/\/www.e2.law\/fr\/home\/","og_locale":"fr_FR","og_type":"article","og_title":"Home - e2.law","og_url":"https:\/\/www.e2.law\/fr\/home\/","og_site_name":"e2.law","article_modified_time":"2022-11-30T10:21:07+00:00","twitter_card":"summary_large_image","twitter_misc":{"Dur\u00e9e de lecture estim\u00e9e":"3 minutes"},"schema":{"@context":"https:\/\/schema.org","@graph":[{"@type":"WebPage","@id":"https:\/\/www.e2.law\/fr\/home\/","url":"https:\/\/www.e2.law\/fr\/home\/","name":"Home - e2.law","isPartOf":{"@id":"https:\/\/www.e2.law\/fr\/#website"},"datePublished":"2012-11-10T03:12:49+00:00","dateModified":"2022-11-30T10:21:07+00:00","breadcrumb":{"@id":"https:\/\/www.e2.law\/fr\/home\/#breadcrumb"},"inLanguage":"fr-FR","potentialAction":[{"@type":"ReadAction","target":["https:\/\/www.e2.law\/fr\/home\/"]}]},{"@type":"BreadcrumbList","@id":"https:\/\/www.e2.law\/fr\/home\/#breadcrumb","itemListElement":[{"@type":"ListItem","position":1,"name":"Home","item":"https:\/\/www.e2.law\/fr\/home\/"},{"@type":"ListItem","position":2,"name":"Home"}]},{"@type":"WebSite","@id":"https:\/\/www.e2.law\/fr\/#website","url":"https:\/\/www.e2.law\/fr\/","name":"e2.law","description":"A Business Law Firm","publisher":{"@id":"https:\/\/www.e2.law\/fr\/#organization"},"potentialAction":[{"@type":"SearchAction","target":{"@type":"EntryPoint","urlTemplate":"https:\/\/www.e2.law\/fr\/?s={search_term_string}"},"query-input":{"@type":"PropertyValueSpecification","valueRequired":true,"valueName":"search_term_string"}}],"inLanguage":"fr-FR"},{"@type":"Organization","@id":"https:\/\/www.e2.law\/fr\/#organization","name":"E2.law","url":"https:\/\/www.e2.law\/fr\/","logo":{"@type":"ImageObject","inLanguage":"fr-FR","@id":"https:\/\/www.e2.law\/fr\/#\/schema\/logo\/image\/","url":"https:\/\/www.e2.law\/wp-content\/uploads\/2018\/12\/logo-2.png","contentUrl":"https:\/\/www.e2.law\/wp-content\/uploads\/2018\/12\/logo-2.png","width":152,"height":40,"caption":"E2.law"},"image":{"@id":"https:\/\/www.e2.law\/fr\/#\/schema\/logo\/image\/"},"sameAs":["https:\/\/www.linkedin.com\/company\/e2.law"]}]}},"jetpack_sharing_enabled":true,"_links":{"self":[{"href":"https:\/\/www.e2.law\/fr\/wp-json\/wp\/v2\/pages\/20269","targetHints":{"allow":["GET"]}}],"collection":[{"href":"https:\/\/www.e2.law\/fr\/wp-json\/wp\/v2\/pages"}],"about":[{"href":"https:\/\/www.e2.law\/fr\/wp-json\/wp\/v2\/types\/page"}],"author":[{"embeddable":true,"href":"https:\/\/www.e2.law\/fr\/wp-json\/wp\/v2\/users\/166"}],"replies":[{"embeddable":true,"href":"https:\/\/www.e2.law\/fr\/wp-json\/wp\/v2\/comments?post=20269"}],"version-history":[{"count":10,"href":"https:\/\/www.e2.law\/fr\/wp-json\/wp\/v2\/pages\/20269\/revisions"}],"predecessor-version":[{"id":43102,"href":"https:\/\/www.e2.law\/fr\/wp-json\/wp\/v2\/pages\/20269\/revisions\/43102"}],"wp:attachment":[{"href":"https:\/\/www.e2.law\/fr\/wp-json\/wp\/v2\/media?parent=20269"}],"curies":[{"name":"wp","href":"https:\/\/api.w.org\/{rel}","templated":true}]}}