{"id":24315,"date":"2018-12-15T11:21:32","date_gmt":"2018-12-15T11:21:32","guid":{"rendered":"https:\/\/www.e2.law\/commission\/"},"modified":"2022-05-26T14:29:41","modified_gmt":"2022-05-26T12:29:41","slug":"e-services","status":"publish","type":"page","link":"https:\/\/www.e2.law\/fr\/e-services\/","title":{"rendered":"E-Services"},"content":{"rendered":"<p><div class=\"fusion-fullwidth fullwidth-box fusion-builder-row-1 nonhundred-percent-fullwidth non-hundred-percent-height-scrolling\" style=\"--awb-border-radius-top-left:0px;--awb-border-radius-top-right:0px;--awb-border-radius-bottom-right:0px;--awb-border-radius-bottom-left:0px;--awb-flex-wrap:wrap;\" ><div class=\"fusion-builder-row fusion-row\"><div class=\"fusion-layout-column fusion_builder_column fusion-builder-column-0 fusion_builder_column_1_1 1_1 fusion-one-full fusion-column-first fusion-column-last\" style=\"--awb-padding-top:20px;--awb-padding-right:20px;--awb-padding-bottom:20px;--awb-padding-left:20px;--awb-bg-size:cover;\"><div class=\"fusion-column-wrapper fusion-flex-column-wrapper-legacy\"><div class=\"fusion-sep-clear\"><\/div><div class=\"fusion-separator fusion-full-width-sep\" style=\"margin-left: auto;margin-right: auto;margin-top:20px;width:100%;\"><\/div><div class=\"fusion-sep-clear\"><\/div><div class=\"fusion-image-element fusion-image-align-center in-legacy-container\" style=\"text-align:center;--awb-max-width:100%;--awb-caption-title-font-family:var(--h2_typography-font-family);--awb-caption-title-font-weight:var(--h2_typography-font-weight);--awb-caption-title-font-style:var(--h2_typography-font-style);--awb-caption-title-size:var(--h2_typography-font-size);--awb-caption-title-transform:var(--h2_typography-text-transform);--awb-caption-title-line-height:var(--h2_typography-line-height);--awb-caption-title-letter-spacing:var(--h2_typography-letter-spacing);\"><div class=\"imageframe-align-center\"><span class=\" fusion-imageframe imageframe-none imageframe-1 hover-type-none\"><img decoding=\"async\" src=\"data:image\/gif;base64,R0lGODlhAQABAAAAACH5BAEKAAEALAAAAAABAAEAAAICTAEAOw==\" data-orig-src=\"https:\/\/www.e2.law\/wp-content\/uploads\/2019\/08\/AdobeStock_180573966_large-1.jpg\" alt class=\"lazyload img-responsive wp-image-16782\"\/><\/span><\/div><\/div><div class=\"fusion-text fusion-text-1\"><p>Nous d\u00e9veloppons les solutions suivantes :<\/p>\n<\/div><div class=\"fusion-text fusion-text-2\"><div class=\"accordian fusion-accordian\" style=\"--awb-border-size:1px;--awb-icon-size:13px;--awb-content-font-size:16px;--awb-icon-alignment:left;--awb-hover-color:#f9f9f9;--awb-border-color:#cccccc;--awb-background-color:#ffffff;--awb-divider-color:#e0dede;--awb-divider-hover-color:#e0dede;--awb-icon-color:#ffffff;--awb-title-color:#333333;--awb-content-color:#747474;--awb-icon-box-color:#333333;--awb-toggle-hover-accent-color:#0da74c;--awb-title-font-family:&quot;Roboto Slab&quot;;--awb-title-font-weight:300;--awb-title-font-style:normal;--awb-title-font-size:14px;--awb-content-font-family:&quot;PT Sans&quot;;--awb-content-font-style:normal;--awb-content-font-weight:400;\"><div class=\"panel-group fusion-toggle-icon-boxed\" id=\"accordion-24315-1\"><div class=\"fusion-panel panel-default panel-d6172af1acdbae2a7 fusion-toggle-has-divider\"><div class=\"panel-heading\"><h4 class=\"panel-title toggle\" id=\"toggle_d6172af1acdbae2a7\"><a aria-expanded=\"false\" aria-controls=\"d6172af1acdbae2a7\" role=\"button\" data-toggle=\"collapse\" data-parent=\"#accordion-24315-1\" data-target=\"#d6172af1acdbae2a7\" href=\"#d6172af1acdbae2a7\"><span class=\"fusion-toggle-icon-wrapper\" aria-hidden=\"true\"><i class=\"fa-fusion-box active-icon awb-icon-minus\" aria-hidden=\"true\"><\/i><i class=\"fa-fusion-box inactive-icon awb-icon-plus\" aria-hidden=\"true\"><\/i><\/span><span class=\"fusion-toggle-heading\">Extranet<\/span><\/a><\/h4><\/div><div id=\"d6172af1acdbae2a7\" class=\"panel-collapse collapse \" aria-labelledby=\"toggle_d6172af1acdbae2a7\"><div class=\"panel-body toggle-content fusion-clearfix\"><\/p>\n<p>L&#8217;Extranet comprend deux volets<\/p>\n<ul>\n<ul>\n<li><a href=\"https:\/\/e2.dlexconnect.eu\/\">A customers web access (\u201cCWA\u201d)<\/a>.<\/li>\n<li><a href=\"https:\/\/scalemeup.legal\/en_US\/courses\/\">A Knowledge Portal<\/a>.<\/li>\n<\/ul>\n<p>Le Customer Web Access est un service web hautement s\u00e9curis\u00e9 et crypt\u00e9 qui permet le partage d&#8217;informations et le travail collaboratif avec nos clients. Cela inclut l&#8217;acc\u00e8s aux documents, aux t\u00e2ches, au calendrier, ainsi qu&#8217;aux informations de facturation.<\/p>\n<p>Le portail de connaissances permet un acc\u00e8s convivial au contenu informationnel publi\u00e9 sur notre site web. Cela inclut l&#8217;acc\u00e8s \u00e0 nos services \u00e9lectroniques et \u00e0 notre base de connaissances (fonctions de gestion de l&#8217;apprentissage, microsites, mod\u00e8les et facilitation \u00e9lectronique). Vous pouvez y construire notre propre base de donn\u00e9es juridiques.<\/p>\n<p>\u00a0<\/p>\n<p>\u00a0<\/p>\n<p><\/div><\/div><\/div><div class=\"fusion-panel panel-default panel-2294975187cac4e04 fusion-toggle-has-divider\"><div class=\"panel-heading\"><h4 class=\"panel-title toggle\" id=\"toggle_2294975187cac4e04\"><a aria-expanded=\"false\" aria-controls=\"2294975187cac4e04\" role=\"button\" data-toggle=\"collapse\" data-parent=\"#accordion-24315-1\" data-target=\"#2294975187cac4e04\" href=\"#2294975187cac4e04\"><span class=\"fusion-toggle-icon-wrapper\" aria-hidden=\"true\"><i class=\"fa-fusion-box active-icon awb-icon-minus\" aria-hidden=\"true\"><\/i><i class=\"fa-fusion-box inactive-icon awb-icon-plus\" aria-hidden=\"true\"><\/i><\/span><span class=\"fusion-toggle-heading\">Portail de la connaissance en ligne<\/span><\/a><\/h4><\/div><div id=\"2294975187cac4e04\" class=\"panel-collapse collapse \" aria-labelledby=\"toggle_2294975187cac4e04\"><div class=\"panel-body toggle-content fusion-clearfix\"><\/p>\n<p>Notre portail de connaissances fournit aux visiteurs enregistr\u00e9s de notre site web un contenu informatif publi\u00e9 sur notre site web. Cela comprend l&#8217;acc\u00e8s \u00e0 notre offre de services \u00e9lectroniques (fonctions de gestion de l&#8217;apprentissage, mod\u00e8les et questionnaires \u00e9lectroniques) et \u00e0 la base de connaissances d\u00e9crite ci-dessous. Pour en savoir plus,<\/p>\n<p><a href=\"http:\/\/scalemeup.legal\/en\/knowledge-base\/\">cliquez ici<\/a>.<\/p>\n<p>\u00a0<\/p>\n<p><\/div><\/div><\/div><div class=\"fusion-panel panel-default panel-fd219b1e2b4d680be fusion-toggle-has-divider\"><div class=\"panel-heading\"><h4 class=\"panel-title toggle\" id=\"toggle_fd219b1e2b4d680be\"><a aria-expanded=\"false\" aria-controls=\"fd219b1e2b4d680be\" role=\"button\" data-toggle=\"collapse\" data-parent=\"#accordion-24315-1\" data-target=\"#fd219b1e2b4d680be\" href=\"#fd219b1e2b4d680be\"><span class=\"fusion-toggle-icon-wrapper\" aria-hidden=\"true\"><i class=\"fa-fusion-box active-icon awb-icon-minus\" aria-hidden=\"true\"><\/i><i class=\"fa-fusion-box inactive-icon awb-icon-plus\" aria-hidden=\"true\"><\/i><\/span><span class=\"fusion-toggle-heading\">e-lawyering<\/span><\/a><\/h4><\/div><div id=\"fd219b1e2b4d680be\" class=\"panel-collapse collapse \" aria-labelledby=\"toggle_fd219b1e2b4d680be\"><div class=\"panel-body toggle-content fusion-clearfix\"><\/p>\n<p>Our E-lawyering activities apply e-learning and visual techniques to tailor made advisory. Concretely, in additional to traditional tools, we use videos, animations or quizzes and search for bigger visualization of the processes). This means a higher level of customization and different client experience.<\/p>\n<p>Our global e-offering includes interactive experience, Animations, interactive Q&amp;As and video clips.<\/p>\n<p>E-lawyering is published on the Customer web access, offering encrypted protection, unless client wishes to publish on its own infrastructure. On demand we can also help the client webdesigner to create a tailormade portal and provide content (including legal graphic designs). E-lawyering is subject to specific terms and conditions.<\/p>\n<p><\/div><\/div><\/div><\/div><\/div>\n<\/div><div class=\"fusion-clearfix\"><\/div><\/div><\/div><\/div><\/div><div class=\"fusion-fullwidth fullwidth-box fusion-builder-row-2 nonhundred-percent-fullwidth non-hundred-percent-height-scrolling\" style=\"--awb-border-radius-top-left:0px;--awb-border-radius-top-right:0px;--awb-border-radius-bottom-right:0px;--awb-border-radius-bottom-left:0px;--awb-flex-wrap:wrap;\" ><div class=\"fusion-builder-row fusion-row\"><div class=\"fusion-layout-column fusion_builder_column fusion-builder-column-1 fusion_builder_column_1_2 1_2 fusion-one-half fusion-column-first\" style=\"--awb-bg-size:cover;width:50%;width:calc(50% - ( ( 4% ) * 0.5 ) );margin-right: 4%;\"><div class=\"fusion-column-wrapper fusion-flex-column-wrapper-legacy\"><div class=\"fusion-alignleft\"><a class=\"fusion-button button-flat button-medium button-default fusion-button-default button-1 fusion-button-default-span fusion-button-default-type\" target=\"_self\" href=\"https:\/\/www.e2.law\/fr\/notre-methode\/\"><span class=\"fusion-button-text awb-button__text awb-button__text--default fusion-button-text-right\">Pr\u00e9c\u00e9dente<\/span><span class=\"fusion-button-icon-divider button-icon-divider-right\"><i class=\"fa-angle-left fas awb-button__icon awb-button__icon--default\" aria-hidden=\"true\"><\/i><\/span><\/a><\/div><div class=\"fusion-clearfix\"><\/div><\/div><\/div><div class=\"fusion-layout-column fusion_builder_column fusion-builder-column-2 fusion_builder_column_1_2 1_2 fusion-one-half fusion-column-last\" style=\"--awb-bg-size:cover;width:50%;width:calc(50% - ( ( 4% ) * 0.5 ) );\"><div class=\"fusion-column-wrapper fusion-flex-column-wrapper-legacy\"><div class=\"fusion-alignright\"><a class=\"fusion-button button-flat button-medium button-default fusion-button-default button-2 fusion-button-default-span fusion-button-default-type\" target=\"_self\" href=\"https:\/\/www.e2.law\/fr\/for-profit\/\"><span class=\"fusion-button-text awb-button__text awb-button__text--default fusion-button-text-right\">Suivant<\/span><span class=\"fusion-button-icon-divider button-icon-divider-right\"><i class=\"fa-angle-right fas awb-button__icon awb-button__icon--default\" aria-hidden=\"true\"><\/i><\/span><\/a><\/div><div class=\"fusion-clearfix\"><\/div><\/div><\/div><\/div><\/div><\/p>\n","protected":false},"excerpt":{"rendered":"","protected":false},"author":166,"featured_media":0,"parent":0,"menu_order":0,"comment_status":"closed","ping_status":"closed","template":"","meta":{"_acf_changed":false,"footnotes":""},"class_list":["post-24315","page","type-page","status-publish","hentry"],"acf":[],"yoast_head":"<!-- This site is optimized with the Yoast SEO plugin v27.5 - https:\/\/yoast.com\/product\/yoast-seo-wordpress\/ -->\n<title>E-Services - e2.law<\/title>\n<meta name=\"robots\" content=\"index, follow, max-snippet:-1, max-image-preview:large, max-video-preview:-1\" \/>\n<link rel=\"canonical\" href=\"https:\/\/www.e2.law\/fr\/e-services\/\" \/>\n<meta property=\"og:locale\" content=\"fr_FR\" \/>\n<meta property=\"og:type\" content=\"article\" \/>\n<meta property=\"og:title\" content=\"E-Services - e2.law\" \/>\n<meta property=\"og:url\" content=\"https:\/\/www.e2.law\/fr\/e-services\/\" \/>\n<meta property=\"og:site_name\" content=\"e2.law\" \/>\n<meta property=\"article:modified_time\" content=\"2022-05-26T12:29:41+00:00\" \/>\n<meta name=\"twitter:card\" content=\"summary_large_image\" \/>\n<meta name=\"twitter:label1\" content=\"Dur\u00e9e de lecture estim\u00e9e\" \/>\n\t<meta name=\"twitter:data1\" content=\"5 minutes\" \/>\n<script type=\"application\/ld+json\" class=\"yoast-schema-graph\">{\"@context\":\"https:\\\/\\\/schema.org\",\"@graph\":[{\"@type\":\"WebPage\",\"@id\":\"https:\\\/\\\/www.e2.law\\\/fr\\\/e-services\\\/\",\"url\":\"https:\\\/\\\/www.e2.law\\\/fr\\\/e-services\\\/\",\"name\":\"E-Services - e2.law\",\"isPartOf\":{\"@id\":\"https:\\\/\\\/www.e2.law\\\/fr\\\/#website\"},\"datePublished\":\"2018-12-15T11:21:32+00:00\",\"dateModified\":\"2022-05-26T12:29:41+00:00\",\"breadcrumb\":{\"@id\":\"https:\\\/\\\/www.e2.law\\\/fr\\\/e-services\\\/#breadcrumb\"},\"inLanguage\":\"fr-FR\",\"potentialAction\":[{\"@type\":\"ReadAction\",\"target\":[\"https:\\\/\\\/www.e2.law\\\/fr\\\/e-services\\\/\"]}]},{\"@type\":\"BreadcrumbList\",\"@id\":\"https:\\\/\\\/www.e2.law\\\/fr\\\/e-services\\\/#breadcrumb\",\"itemListElement\":[{\"@type\":\"ListItem\",\"position\":1,\"name\":\"Home\",\"item\":\"https:\\\/\\\/www.e2.law\\\/fr\\\/home\\\/\"},{\"@type\":\"ListItem\",\"position\":2,\"name\":\"E-Services\"}]},{\"@type\":\"WebSite\",\"@id\":\"https:\\\/\\\/www.e2.law\\\/fr\\\/#website\",\"url\":\"https:\\\/\\\/www.e2.law\\\/fr\\\/\",\"name\":\"e2.law\",\"description\":\"A Business Law Firm\",\"publisher\":{\"@id\":\"https:\\\/\\\/www.e2.law\\\/fr\\\/#organization\"},\"potentialAction\":[{\"@type\":\"SearchAction\",\"target\":{\"@type\":\"EntryPoint\",\"urlTemplate\":\"https:\\\/\\\/www.e2.law\\\/fr\\\/?s={search_term_string}\"},\"query-input\":{\"@type\":\"PropertyValueSpecification\",\"valueRequired\":true,\"valueName\":\"search_term_string\"}}],\"inLanguage\":\"fr-FR\"},{\"@type\":\"Organization\",\"@id\":\"https:\\\/\\\/www.e2.law\\\/fr\\\/#organization\",\"name\":\"E2.law\",\"url\":\"https:\\\/\\\/www.e2.law\\\/fr\\\/\",\"logo\":{\"@type\":\"ImageObject\",\"inLanguage\":\"fr-FR\",\"@id\":\"https:\\\/\\\/www.e2.law\\\/fr\\\/#\\\/schema\\\/logo\\\/image\\\/\",\"url\":\"https:\\\/\\\/www.e2.law\\\/wp-content\\\/uploads\\\/2018\\\/12\\\/logo-2.png\",\"contentUrl\":\"https:\\\/\\\/www.e2.law\\\/wp-content\\\/uploads\\\/2018\\\/12\\\/logo-2.png\",\"width\":152,\"height\":40,\"caption\":\"E2.law\"},\"image\":{\"@id\":\"https:\\\/\\\/www.e2.law\\\/fr\\\/#\\\/schema\\\/logo\\\/image\\\/\"},\"sameAs\":[\"https:\\\/\\\/www.linkedin.com\\\/company\\\/e2.law\"]}]}<\/script>\n<!-- \/ Yoast SEO plugin. -->","yoast_head_json":{"title":"E-Services - e2.law","robots":{"index":"index","follow":"follow","max-snippet":"max-snippet:-1","max-image-preview":"max-image-preview:large","max-video-preview":"max-video-preview:-1"},"canonical":"https:\/\/www.e2.law\/fr\/e-services\/","og_locale":"fr_FR","og_type":"article","og_title":"E-Services - e2.law","og_url":"https:\/\/www.e2.law\/fr\/e-services\/","og_site_name":"e2.law","article_modified_time":"2022-05-26T12:29:41+00:00","twitter_card":"summary_large_image","twitter_misc":{"Dur\u00e9e de lecture estim\u00e9e":"5 minutes"},"schema":{"@context":"https:\/\/schema.org","@graph":[{"@type":"WebPage","@id":"https:\/\/www.e2.law\/fr\/e-services\/","url":"https:\/\/www.e2.law\/fr\/e-services\/","name":"E-Services - e2.law","isPartOf":{"@id":"https:\/\/www.e2.law\/fr\/#website"},"datePublished":"2018-12-15T11:21:32+00:00","dateModified":"2022-05-26T12:29:41+00:00","breadcrumb":{"@id":"https:\/\/www.e2.law\/fr\/e-services\/#breadcrumb"},"inLanguage":"fr-FR","potentialAction":[{"@type":"ReadAction","target":["https:\/\/www.e2.law\/fr\/e-services\/"]}]},{"@type":"BreadcrumbList","@id":"https:\/\/www.e2.law\/fr\/e-services\/#breadcrumb","itemListElement":[{"@type":"ListItem","position":1,"name":"Home","item":"https:\/\/www.e2.law\/fr\/home\/"},{"@type":"ListItem","position":2,"name":"E-Services"}]},{"@type":"WebSite","@id":"https:\/\/www.e2.law\/fr\/#website","url":"https:\/\/www.e2.law\/fr\/","name":"e2.law","description":"A Business Law Firm","publisher":{"@id":"https:\/\/www.e2.law\/fr\/#organization"},"potentialAction":[{"@type":"SearchAction","target":{"@type":"EntryPoint","urlTemplate":"https:\/\/www.e2.law\/fr\/?s={search_term_string}"},"query-input":{"@type":"PropertyValueSpecification","valueRequired":true,"valueName":"search_term_string"}}],"inLanguage":"fr-FR"},{"@type":"Organization","@id":"https:\/\/www.e2.law\/fr\/#organization","name":"E2.law","url":"https:\/\/www.e2.law\/fr\/","logo":{"@type":"ImageObject","inLanguage":"fr-FR","@id":"https:\/\/www.e2.law\/fr\/#\/schema\/logo\/image\/","url":"https:\/\/www.e2.law\/wp-content\/uploads\/2018\/12\/logo-2.png","contentUrl":"https:\/\/www.e2.law\/wp-content\/uploads\/2018\/12\/logo-2.png","width":152,"height":40,"caption":"E2.law"},"image":{"@id":"https:\/\/www.e2.law\/fr\/#\/schema\/logo\/image\/"},"sameAs":["https:\/\/www.linkedin.com\/company\/e2.law"]}]}},"jetpack_sharing_enabled":true,"_links":{"self":[{"href":"https:\/\/www.e2.law\/fr\/wp-json\/wp\/v2\/pages\/24315","targetHints":{"allow":["GET"]}}],"collection":[{"href":"https:\/\/www.e2.law\/fr\/wp-json\/wp\/v2\/pages"}],"about":[{"href":"https:\/\/www.e2.law\/fr\/wp-json\/wp\/v2\/types\/page"}],"author":[{"embeddable":true,"href":"https:\/\/www.e2.law\/fr\/wp-json\/wp\/v2\/users\/166"}],"replies":[{"embeddable":true,"href":"https:\/\/www.e2.law\/fr\/wp-json\/wp\/v2\/comments?post=24315"}],"version-history":[{"count":6,"href":"https:\/\/www.e2.law\/fr\/wp-json\/wp\/v2\/pages\/24315\/revisions"}],"predecessor-version":[{"id":42196,"href":"https:\/\/www.e2.law\/fr\/wp-json\/wp\/v2\/pages\/24315\/revisions\/42196"}],"wp:attachment":[{"href":"https:\/\/www.e2.law\/fr\/wp-json\/wp\/v2\/media?parent=24315"}],"curies":[{"name":"wp","href":"https:\/\/api.w.org\/{rel}","templated":true}]}}